{"id":756,"date":"2025-06-13T11:41:29","date_gmt":"2025-06-13T09:41:29","guid":{"rendered":"https:\/\/coupeco.mooood-preprod.fr\/?page_id=756"},"modified":"2025-07-28T11:25:34","modified_gmt":"2025-07-28T09:25:34","slug":"impressum","status":"publish","type":"page","link":"https:\/\/coupeco.com\/de\/mentions-legales\/","title":{"rendered":"Rechtliche Hinweise"},"content":{"rendered":"<h2 class=\"wp-block-heading\">Coordonn\u00e9es<\/h2>\n\n\n\n<p>Kontakt<br>ZI du Chail<br>17800 Pons \u2013 FRANKREICH<br>T\u00e9l. :&nbsp;<a href=\"tel:+33546962550\">+33(0)5 46 96 25 50<\/a><br>SIRET : 401 895 883 00023.<\/p>\n\n\n\n<h2 class=\"wp-block-heading\">Verantwortlichkeiten<\/h2>\n\n\n\n<p>Verlagsleitung und redaktionelle Umsetzung: Thierry BOULARD<br>Konzeption:&nbsp;<a href=\"http:\/\/mooood.fr\" target=\"_blank\" rel=\"noreferrer noopener\">Mooood.<\/a><\/p>\n\n\n\n<h2 class=\"wp-block-heading\">Hosting<\/h2>\n\n\n\n<p class=\"translation-block\">Gem\u00e4\u00df Artikel 6 des franz\u00f6sischen Gesetzes Nr. 2004-575 vom 21. Juni 2004 \u00fcber das Vertrauen in die digitale Wirtschaft wird den Nutzern der Website https:\/\/coupeco.com\/ die Identit\u00e4t der an der Erstellung und Pflege der Seite beteiligten Parteien mitgeteilt:<\/p>\n\n\n\n<p><strong>H\u00e9bergeur :<\/strong> GANDI SAS \u2013 <a>www.gandi.net<\/a> \u2013 Si\u00e8ge social : 63-65 boulevard Mass\u00e9na, 75013 Paris, France <\/p>\n\n\n\n<h2 class=\"wp-block-heading\">Plattform<\/h2>\n\n\n\n<p>Diese Website wurde mit der Open-Source-Plattform WordPress erstellt.<\/p>\n\n\n\n<h2 class=\"wp-block-heading\">Urheberrecht und Reproduktion<\/h2>\n\n\n\n<p>Die auf dieser Website bereitgestellten Informationen sind \u00f6ffentlich zug\u00e4nglich. Seiten dieser Website d\u00fcrfen reproduziert werden, sofern die Quelle angegeben und ein Link zur betreffenden Seite erstellt wird. Eine kommerzielle oder werbliche Nutzung ist untersagt. Wenn personenbezogene Daten auf dieser Website enthalten sind, m\u00fcssen Nutzer diese gem\u00e4\u00df den geltenden gesetzlichen Bestimmungen und den Empfehlungen der franz\u00f6sischen Datenschutzbeh\u00f6rde CNIL verwenden.<\/p>\n\n\n\n<h2 class=\"wp-block-heading\">Datenschutz<\/h2>\n\n\n\n<p>Gem\u00e4\u00df Empfehlung 2005-284 der CNIL wurde diese Website als solche nicht separat gemeldet. Alle derzeitigen oder zuk\u00fcnftigen Datenverarbeitungen im Zusammenhang mit dieser Website wurden oder werden jedoch der CNIL gemeldet. Diese Verarbeitungen entsprechen der NS48 vom 07.06.2005 der franz\u00f6sischen Datenschutzbeh\u00f6rde CNIL.\nGem\u00e4\u00df den Artikeln 38 und 40 des Gesetzes 2004-801 vom 06.08.2004 haben Sie das Recht auf Zugriff, Berichtigung und L\u00f6schung Ihrer personenbezogenen Daten. Dieses Recht k\u00f6nnen Sie aus\u00fcben, indem Sie uns kontaktieren:<\/p>\n\n\n\n<p>Kontakt<br>ZI du Chail<br>17800 Pons \u2013 FRANKREICH<\/p>","protected":false},"excerpt":{"rendered":"<p>Coordonn\u00e9es CoupEcoZI du Chail17800 Pons \u2013 FRANCET\u00e9l. :&nbsp;+33(0)5 46 96 25 50SIRET : 401 895 883 00023. Responsabilit\u00e9s Directeur de la publication et R\u00e9alisation \u00e9ditoriale : Thierry BOULARD.Conception :&nbsp;Mooood. H\u00e9bergement En vertu de l\u2019article 6 de la loi n\u00b0 2004-575 du 21 juin 2004 pour la confiance dans l\u2019\u00e9conomie num\u00e9rique, il est pr\u00e9cis\u00e9 aux utilisateurs [&hellip;]<\/p>\n","protected":false},"author":4,"featured_media":0,"parent":0,"menu_order":0,"comment_status":"closed","ping_status":"closed","template":"page-legal.php","meta":{"_acf_changed":false,"footnotes":""},"class_list":["post-756","page","type-page","status-publish","hentry"],"acf":[],"yoast_head":"<!-- This site is optimized with the Yoast SEO plugin v27.2 - https:\/\/yoast.com\/product\/yoast-seo-wordpress\/ -->\n<title>Mentions l\u00e9gales - Coupeco<\/title>\n<meta name=\"robots\" content=\"index, follow, max-snippet:-1, max-image-preview:large, max-video-preview:-1\" \/>\n<link rel=\"canonical\" href=\"https:\/\/coupeco.com\/de\/impressum\/\" \/>\n<meta property=\"og:locale\" content=\"de_DE\" \/>\n<meta property=\"og:type\" content=\"article\" \/>\n<meta property=\"og:title\" content=\"Mentions l\u00e9gales - Coupeco\" \/>\n<meta property=\"og:description\" content=\"Coordonn\u00e9es CoupEcoZI du Chail17800 Pons \u2013 FRANCET\u00e9l. :&nbsp;+33(0)5 46 96 25 50SIRET : 401 895 883 00023. Responsabilit\u00e9s Directeur de la publication et R\u00e9alisation \u00e9ditoriale : Thierry BOULARD.Conception :&nbsp;Mooood. H\u00e9bergement En vertu de l\u2019article 6 de la loi n\u00b0 2004-575 du 21 juin 2004 pour la confiance dans l\u2019\u00e9conomie num\u00e9rique, il est pr\u00e9cis\u00e9 aux utilisateurs [&hellip;]\" \/>\n<meta property=\"og:url\" content=\"https:\/\/coupeco.com\/de\/impressum\/\" \/>\n<meta property=\"og:site_name\" content=\"Coupeco\" \/>\n<meta property=\"article:modified_time\" content=\"2025-07-28T09:25:34+00:00\" \/>\n<meta name=\"twitter:card\" content=\"summary_large_image\" \/>\n<meta name=\"twitter:label1\" content=\"Est. reading time\" \/>\n\t<meta name=\"twitter:data1\" content=\"2\u00a0Minuten\" \/>\n<script type=\"application\/ld+json\" class=\"yoast-schema-graph\">{\"@context\":\"https:\/\/schema.org\",\"@graph\":[{\"@type\":\"WebPage\",\"@id\":\"https:\/\/coupeco.com\/mentions-legales\/\",\"url\":\"https:\/\/coupeco.com\/mentions-legales\/\",\"name\":\"Mentions l\u00e9gales - Coupeco\",\"isPartOf\":{\"@id\":\"https:\/\/coupeco.com\/#website\"},\"datePublished\":\"2025-06-13T09:41:29+00:00\",\"dateModified\":\"2025-07-28T09:25:34+00:00\",\"breadcrumb\":{\"@id\":\"https:\/\/coupeco.com\/mentions-legales\/#breadcrumb\"},\"inLanguage\":\"de\",\"potentialAction\":[{\"@type\":\"ReadAction\",\"target\":[\"https:\/\/coupeco.com\/mentions-legales\/\"]}]},{\"@type\":\"BreadcrumbList\",\"@id\":\"https:\/\/coupeco.com\/mentions-legales\/#breadcrumb\",\"itemListElement\":[{\"@type\":\"ListItem\",\"position\":1,\"name\":\"Accueil\",\"item\":\"https:\/\/coupeco.com\/\"},{\"@type\":\"ListItem\",\"position\":2,\"name\":\"Mentions l\u00e9gales\"}]},{\"@type\":\"WebSite\",\"@id\":\"https:\/\/coupeco.com\/#website\",\"url\":\"https:\/\/coupeco.com\/\",\"name\":\"Coupeco\",\"description\":\"\",\"publisher\":{\"@id\":\"https:\/\/coupeco.com\/#organization\"},\"potentialAction\":[{\"@type\":\"SearchAction\",\"target\":{\"@type\":\"EntryPoint\",\"urlTemplate\":\"https:\/\/coupeco.com\/?s={search_term_string}\"},\"query-input\":{\"@type\":\"PropertyValueSpecification\",\"valueRequired\":true,\"valueName\":\"search_term_string\"}}],\"inLanguage\":\"de\"},{\"@type\":\"Organization\",\"@id\":\"https:\/\/coupeco.com\/#organization\",\"name\":\"Coup'eco\",\"url\":\"https:\/\/coupeco.com\/\",\"logo\":{\"@type\":\"ImageObject\",\"inLanguage\":\"de\",\"@id\":\"https:\/\/coupeco.com\/#\/schema\/logo\/image\/\",\"url\":\"https:\/\/coupeco.com\/wp-content\/uploads\/2025\/01\/logo-sans-baseline.png\",\"contentUrl\":\"https:\/\/coupeco.com\/wp-content\/uploads\/2025\/01\/logo-sans-baseline.png\",\"width\":340,\"height\":37,\"caption\":\"Coup'eco\"},\"image\":{\"@id\":\"https:\/\/coupeco.com\/#\/schema\/logo\/image\/\"}}]}<\/script>\n<!-- \/ Yoast SEO plugin. -->","yoast_head_json":{"title":"Mentions l\u00e9gales - Coupeco","robots":{"index":"index","follow":"follow","max-snippet":"max-snippet:-1","max-image-preview":"max-image-preview:large","max-video-preview":"max-video-preview:-1"},"canonical":"https:\/\/coupeco.com\/de\/impressum\/","og_locale":"de_DE","og_type":"article","og_title":"Mentions l\u00e9gales - Coupeco","og_description":"Coordonn\u00e9es CoupEcoZI du Chail17800 Pons \u2013 FRANCET\u00e9l. :&nbsp;+33(0)5 46 96 25 50SIRET : 401 895 883 00023. Responsabilit\u00e9s Directeur de la publication et R\u00e9alisation \u00e9ditoriale : Thierry BOULARD.Conception :&nbsp;Mooood. H\u00e9bergement En vertu de l\u2019article 6 de la loi n\u00b0 2004-575 du 21 juin 2004 pour la confiance dans l\u2019\u00e9conomie num\u00e9rique, il est pr\u00e9cis\u00e9 aux utilisateurs [&hellip;]","og_url":"https:\/\/coupeco.com\/de\/impressum\/","og_site_name":"Coupeco","article_modified_time":"2025-07-28T09:25:34+00:00","twitter_card":"summary_large_image","twitter_misc":{"Est. reading time":"2\u00a0Minuten"},"schema":{"@context":"https:\/\/schema.org","@graph":[{"@type":"WebPage","@id":"https:\/\/coupeco.com\/mentions-legales\/","url":"https:\/\/coupeco.com\/mentions-legales\/","name":"Mentions l\u00e9gales - Coupeco","isPartOf":{"@id":"https:\/\/coupeco.com\/#website"},"datePublished":"2025-06-13T09:41:29+00:00","dateModified":"2025-07-28T09:25:34+00:00","breadcrumb":{"@id":"https:\/\/coupeco.com\/mentions-legales\/#breadcrumb"},"inLanguage":"de","potentialAction":[{"@type":"ReadAction","target":["https:\/\/coupeco.com\/mentions-legales\/"]}]},{"@type":"BreadcrumbList","@id":"https:\/\/coupeco.com\/mentions-legales\/#breadcrumb","itemListElement":[{"@type":"ListItem","position":1,"name":"Accueil","item":"https:\/\/coupeco.com\/"},{"@type":"ListItem","position":2,"name":"Mentions l\u00e9gales"}]},{"@type":"WebSite","@id":"https:\/\/coupeco.com\/#website","url":"https:\/\/coupeco.com\/","name":"Coupeco","description":"","publisher":{"@id":"https:\/\/coupeco.com\/#organization"},"potentialAction":[{"@type":"SearchAction","target":{"@type":"EntryPoint","urlTemplate":"https:\/\/coupeco.com\/?s={search_term_string}"},"query-input":{"@type":"PropertyValueSpecification","valueRequired":true,"valueName":"search_term_string"}}],"inLanguage":"de"},{"@type":"Organization","@id":"https:\/\/coupeco.com\/#organization","name":"Coup'eco","url":"https:\/\/coupeco.com\/","logo":{"@type":"ImageObject","inLanguage":"de","@id":"https:\/\/coupeco.com\/#\/schema\/logo\/image\/","url":"https:\/\/coupeco.com\/wp-content\/uploads\/2025\/01\/logo-sans-baseline.png","contentUrl":"https:\/\/coupeco.com\/wp-content\/uploads\/2025\/01\/logo-sans-baseline.png","width":340,"height":37,"caption":"Coup'eco"},"image":{"@id":"https:\/\/coupeco.com\/#\/schema\/logo\/image\/"}}]}},"_links":{"self":[{"href":"https:\/\/coupeco.com\/de\/wp-json\/wp\/v2\/pages\/756","targetHints":{"allow":["GET"]}}],"collection":[{"href":"https:\/\/coupeco.com\/de\/wp-json\/wp\/v2\/pages"}],"about":[{"href":"https:\/\/coupeco.com\/de\/wp-json\/wp\/v2\/types\/page"}],"author":[{"embeddable":true,"href":"https:\/\/coupeco.com\/de\/wp-json\/wp\/v2\/users\/4"}],"replies":[{"embeddable":true,"href":"https:\/\/coupeco.com\/de\/wp-json\/wp\/v2\/comments?post=756"}],"version-history":[{"count":2,"href":"https:\/\/coupeco.com\/de\/wp-json\/wp\/v2\/pages\/756\/revisions"}],"predecessor-version":[{"id":1172,"href":"https:\/\/coupeco.com\/de\/wp-json\/wp\/v2\/pages\/756\/revisions\/1172"}],"wp:attachment":[{"href":"https:\/\/coupeco.com\/de\/wp-json\/wp\/v2\/media?parent=756"}],"curies":[{"name":"wp","href":"https:\/\/api.w.org\/{rel}","templated":true}]}}