{"id":3,"date":"2024-12-16T09:29:15","date_gmt":"2024-12-16T08:29:15","guid":{"rendered":"https:\/\/coupeco.mooood-preprod.fr\/?page_id=3"},"modified":"2025-06-13T11:39:56","modified_gmt":"2025-06-13T09:39:56","slug":"personal-data-protection","status":"publish","type":"page","link":"https:\/\/coupeco.com\/en\/politique-de-confidentialite\/","title":{"rendered":"Personal Data Protection"},"content":{"rendered":"<h2 class=\"wp-block-heading\">Who are we?<\/h2>\n\n\n\n<p>CoupEco<br>ZI du Chail<br>17800 Pons \u2013 FRANCE<br>Phone&nbsp;<a href=\"tel:+33546962550\">+33(0)5 46 96 25 50<\/a><br>SIRET : 401 895 883 00023<\/p>\n\n\n\n<h2 class=\"wp-block-heading\">Cookies and Statistics<\/h2>\n\n\n\n<p>This website uses markers called cookies, managed by the Google Analytics platform. They are stored via your internet browser and&nbsp;<strong>anonymously communicate information<\/strong>&nbsp;about your browsing on the site, such as: pages visited, visit duration, device used (computer, tablet, smartphone, etc.), IP address, source (internet search, social networks, external sites, etc.), and geographic origin (region). You can refuse the collection of this anonymous information via the \u201cRefuse\u201d button, which appears in the cookie information banner at the bottom of the page when the site opens.<br><a href=\"https:\/\/support.google.com\/analytics\/answer\/6004245?hl=fr\">&gt; View Google Analytics privacy policy.<\/a>.<\/p>\n\n\n\n<h2 class=\"wp-block-heading\">Use and transmission of your personal data<\/h2>\n\n\n\n<p>The personal data and anonymous information stored by CoupEco and Google Analytics are in no way shared or disclosed to service providers or companies other than the two aforementioned entities.<\/p>\n\n\n\n<h2 class=\"wp-block-heading\">Data retention periods<\/h2>\n\n\n\n<p>Personal data you provide is not stored in the website\u2019s database and will be deleted no later than one year after the end of your last business relationship with CoupEco. The hosting provider Hostinger, whose servers are located in mainland France, stores emails sent via the website\u2019s contact form, so that CoupEco can read the messages you send. No personal data is stored on this website itself or the platform used (WordPress). Cookies (anonymous information) are stored for one month on your browser.<\/p>\n\n\n\n<h2 class=\"wp-block-heading\">The rights you have over your data<\/h2>\n\n\n\n<p>If you have provided personal data to CoupEco, you can request to receive a file containing all the personal data the company holds about you. You can also request the deletion of your personal data. This does not include data stored for administrative, legal, or security purposes.<\/p>\n\n\n\n<h2 class=\"wp-block-heading\">Contact information<\/h2>\n\n\n\n<p>For any request for information about your personal data, please write to:<\/p>\n\n\n\n<p>CoupEco<br>ZI du Chail<br>17800 Pons \u2013 FRANCE<\/p>\n\n\n\n<h2 class=\"wp-block-heading\">Personal Data Protection<\/h2>\n\n\n\n<p>Only the person in charge at CoupEco, Mr. Thierry Boulard, and his administrative office have access to the messages you send to the company. As those responsible for data processing, they will ensure the maximum security of your information: storing emails received via the contact form on a server (IMAP) for a maximum period of one month and consulting messages via a secure protocol (SSL).<\/p>\n\n\n\n<h2 class=\"wp-block-heading\">Procedures implemented in the event of a data breach<\/h2>\n\n\n\n<p>In the event of hacking, a security breach, or any other issue resulting in the leakage of personal data stored by CoupEco, the company will promptly inform affected clients by email.<\/p>","protected":false},"excerpt":{"rendered":"<p>Qui sommes-nous ? CoupEcoZI du Chail17800 Pons \u2013 FRANCET\u00e9l. :&nbsp;+33(0)5 46 96 25 50SIRET : 401 895 883 00023 Cookies et statistiques Le pr\u00e9sent site internet utilise des marqueurs, appel\u00e9s cookies, g\u00e9r\u00e9s par la plateforme Google Analytics. Ils s\u2019enregistrent via votre navigateur internet et&nbsp;communiquent de fa\u00e7on anonyme des informations&nbsp;de votre navigation sur le site, du [&hellip;]<\/p>\n","protected":false},"author":1,"featured_media":0,"parent":0,"menu_order":0,"comment_status":"closed","ping_status":"open","template":"page-legal.php","meta":{"_acf_changed":false,"footnotes":""},"class_list":["post-3","page","type-page","status-publish","hentry"],"acf":[],"yoast_head":"<!-- This site is optimized with the Yoast SEO plugin v27.2 - https:\/\/yoast.com\/product\/yoast-seo-wordpress\/ -->\n<title>Protection des Donn\u00e9es Personnelles - Coupeco<\/title>\n<meta name=\"robots\" content=\"index, follow, max-snippet:-1, max-image-preview:large, max-video-preview:-1\" \/>\n<link rel=\"canonical\" href=\"https:\/\/coupeco.com\/en\/personal-data-protection\/\" \/>\n<meta property=\"og:locale\" content=\"en_GB\" \/>\n<meta property=\"og:type\" content=\"article\" \/>\n<meta property=\"og:title\" content=\"Protection des Donn\u00e9es Personnelles - Coupeco\" \/>\n<meta property=\"og:description\" content=\"Qui sommes-nous ? CoupEcoZI du Chail17800 Pons \u2013 FRANCET\u00e9l. :&nbsp;+33(0)5 46 96 25 50SIRET : 401 895 883 00023 Cookies et statistiques Le pr\u00e9sent site internet utilise des marqueurs, appel\u00e9s cookies, g\u00e9r\u00e9s par la plateforme Google Analytics. Ils s\u2019enregistrent via votre navigateur internet et&nbsp;communiquent de fa\u00e7on anonyme des informations&nbsp;de votre navigation sur le site, du [&hellip;]\" \/>\n<meta property=\"og:url\" content=\"https:\/\/coupeco.com\/en\/personal-data-protection\/\" \/>\n<meta property=\"og:site_name\" content=\"Coupeco\" \/>\n<meta property=\"article:modified_time\" content=\"2025-06-13T09:39:56+00:00\" \/>\n<meta name=\"twitter:card\" content=\"summary_large_image\" \/>\n<meta name=\"twitter:label1\" content=\"Est. reading time\" \/>\n\t<meta name=\"twitter:data1\" content=\"3 minutes\" \/>\n<script type=\"application\/ld+json\" class=\"yoast-schema-graph\">{\"@context\":\"https:\/\/schema.org\",\"@graph\":[{\"@type\":\"WebPage\",\"@id\":\"https:\/\/coupeco.com\/politique-de-confidentialite\/\",\"url\":\"https:\/\/coupeco.com\/politique-de-confidentialite\/\",\"name\":\"Protection des Donn\u00e9es Personnelles - Coupeco\",\"isPartOf\":{\"@id\":\"https:\/\/coupeco.com\/#website\"},\"datePublished\":\"2024-12-16T08:29:15+00:00\",\"dateModified\":\"2025-06-13T09:39:56+00:00\",\"breadcrumb\":{\"@id\":\"https:\/\/coupeco.com\/politique-de-confidentialite\/#breadcrumb\"},\"inLanguage\":\"en-GB\",\"potentialAction\":[{\"@type\":\"ReadAction\",\"target\":[\"https:\/\/coupeco.com\/politique-de-confidentialite\/\"]}]},{\"@type\":\"BreadcrumbList\",\"@id\":\"https:\/\/coupeco.com\/politique-de-confidentialite\/#breadcrumb\",\"itemListElement\":[{\"@type\":\"ListItem\",\"position\":1,\"name\":\"Accueil\",\"item\":\"https:\/\/coupeco.com\/\"},{\"@type\":\"ListItem\",\"position\":2,\"name\":\"Protection des Donn\u00e9es Personnelles\"}]},{\"@type\":\"WebSite\",\"@id\":\"https:\/\/coupeco.com\/#website\",\"url\":\"https:\/\/coupeco.com\/\",\"name\":\"Coupeco\",\"description\":\"\",\"publisher\":{\"@id\":\"https:\/\/coupeco.com\/#organization\"},\"potentialAction\":[{\"@type\":\"SearchAction\",\"target\":{\"@type\":\"EntryPoint\",\"urlTemplate\":\"https:\/\/coupeco.com\/?s={search_term_string}\"},\"query-input\":{\"@type\":\"PropertyValueSpecification\",\"valueRequired\":true,\"valueName\":\"search_term_string\"}}],\"inLanguage\":\"en-GB\"},{\"@type\":\"Organization\",\"@id\":\"https:\/\/coupeco.com\/#organization\",\"name\":\"Coup'eco\",\"url\":\"https:\/\/coupeco.com\/\",\"logo\":{\"@type\":\"ImageObject\",\"inLanguage\":\"en-GB\",\"@id\":\"https:\/\/coupeco.com\/#\/schema\/logo\/image\/\",\"url\":\"https:\/\/coupeco.com\/wp-content\/uploads\/2025\/01\/logo-sans-baseline.png\",\"contentUrl\":\"https:\/\/coupeco.com\/wp-content\/uploads\/2025\/01\/logo-sans-baseline.png\",\"width\":340,\"height\":37,\"caption\":\"Coup'eco\"},\"image\":{\"@id\":\"https:\/\/coupeco.com\/#\/schema\/logo\/image\/\"}}]}<\/script>\n<!-- \/ Yoast SEO plugin. -->","yoast_head_json":{"title":"Protection des Donn\u00e9es Personnelles - Coupeco","robots":{"index":"index","follow":"follow","max-snippet":"max-snippet:-1","max-image-preview":"max-image-preview:large","max-video-preview":"max-video-preview:-1"},"canonical":"https:\/\/coupeco.com\/en\/personal-data-protection\/","og_locale":"en_GB","og_type":"article","og_title":"Protection des Donn\u00e9es Personnelles - Coupeco","og_description":"Qui sommes-nous ? CoupEcoZI du Chail17800 Pons \u2013 FRANCET\u00e9l. :&nbsp;+33(0)5 46 96 25 50SIRET : 401 895 883 00023 Cookies et statistiques Le pr\u00e9sent site internet utilise des marqueurs, appel\u00e9s cookies, g\u00e9r\u00e9s par la plateforme Google Analytics. Ils s\u2019enregistrent via votre navigateur internet et&nbsp;communiquent de fa\u00e7on anonyme des informations&nbsp;de votre navigation sur le site, du [&hellip;]","og_url":"https:\/\/coupeco.com\/en\/personal-data-protection\/","og_site_name":"Coupeco","article_modified_time":"2025-06-13T09:39:56+00:00","twitter_card":"summary_large_image","twitter_misc":{"Est. reading time":"3 minutes"},"schema":{"@context":"https:\/\/schema.org","@graph":[{"@type":"WebPage","@id":"https:\/\/coupeco.com\/politique-de-confidentialite\/","url":"https:\/\/coupeco.com\/politique-de-confidentialite\/","name":"Protection des Donn\u00e9es Personnelles - Coupeco","isPartOf":{"@id":"https:\/\/coupeco.com\/#website"},"datePublished":"2024-12-16T08:29:15+00:00","dateModified":"2025-06-13T09:39:56+00:00","breadcrumb":{"@id":"https:\/\/coupeco.com\/politique-de-confidentialite\/#breadcrumb"},"inLanguage":"en-GB","potentialAction":[{"@type":"ReadAction","target":["https:\/\/coupeco.com\/politique-de-confidentialite\/"]}]},{"@type":"BreadcrumbList","@id":"https:\/\/coupeco.com\/politique-de-confidentialite\/#breadcrumb","itemListElement":[{"@type":"ListItem","position":1,"name":"Accueil","item":"https:\/\/coupeco.com\/"},{"@type":"ListItem","position":2,"name":"Protection des Donn\u00e9es Personnelles"}]},{"@type":"WebSite","@id":"https:\/\/coupeco.com\/#website","url":"https:\/\/coupeco.com\/","name":"Coupeco","description":"","publisher":{"@id":"https:\/\/coupeco.com\/#organization"},"potentialAction":[{"@type":"SearchAction","target":{"@type":"EntryPoint","urlTemplate":"https:\/\/coupeco.com\/?s={search_term_string}"},"query-input":{"@type":"PropertyValueSpecification","valueRequired":true,"valueName":"search_term_string"}}],"inLanguage":"en-GB"},{"@type":"Organization","@id":"https:\/\/coupeco.com\/#organization","name":"Coup'eco","url":"https:\/\/coupeco.com\/","logo":{"@type":"ImageObject","inLanguage":"en-GB","@id":"https:\/\/coupeco.com\/#\/schema\/logo\/image\/","url":"https:\/\/coupeco.com\/wp-content\/uploads\/2025\/01\/logo-sans-baseline.png","contentUrl":"https:\/\/coupeco.com\/wp-content\/uploads\/2025\/01\/logo-sans-baseline.png","width":340,"height":37,"caption":"Coup'eco"},"image":{"@id":"https:\/\/coupeco.com\/#\/schema\/logo\/image\/"}}]}},"_links":{"self":[{"href":"https:\/\/coupeco.com\/en\/wp-json\/wp\/v2\/pages\/3","targetHints":{"allow":["GET"]}}],"collection":[{"href":"https:\/\/coupeco.com\/en\/wp-json\/wp\/v2\/pages"}],"about":[{"href":"https:\/\/coupeco.com\/en\/wp-json\/wp\/v2\/types\/page"}],"author":[{"embeddable":true,"href":"https:\/\/coupeco.com\/en\/wp-json\/wp\/v2\/users\/1"}],"replies":[{"embeddable":true,"href":"https:\/\/coupeco.com\/en\/wp-json\/wp\/v2\/comments?post=3"}],"version-history":[{"count":1,"href":"https:\/\/coupeco.com\/en\/wp-json\/wp\/v2\/pages\/3\/revisions"}],"predecessor-version":[{"id":755,"href":"https:\/\/coupeco.com\/en\/wp-json\/wp\/v2\/pages\/3\/revisions\/755"}],"wp:attachment":[{"href":"https:\/\/coupeco.com\/en\/wp-json\/wp\/v2\/media?parent=3"}],"curies":[{"name":"wp","href":"https:\/\/api.w.org\/{rel}","templated":true}]}}