{"id":756,"date":"2025-06-13T11:41:29","date_gmt":"2025-06-13T09:41:29","guid":{"rendered":"https:\/\/coupeco.mooood-preprod.fr\/?page_id=756"},"modified":"2025-07-28T11:25:34","modified_gmt":"2025-07-28T09:25:34","slug":"legal-notice","status":"publish","type":"page","link":"https:\/\/coupeco.com\/en\/mentions-legales\/","title":{"rendered":"Legal information"},"content":{"rendered":"<h2 class=\"wp-block-heading\">Who are we?<\/h2>\n\n\n\n<p>CoupEco<br>ZI du Chail<br>17800 Pons \u2013 FRANCE<br>Phone&nbsp;<a href=\"tel:+33546962550\">+33(0)5 46 96 25 50<\/a><br>SIRET : 401 895 883 00023.<\/p>\n\n\n\n<h2 class=\"wp-block-heading\">Responsibilities<\/h2>\n\n\n\n<p>Publication Director and Editorial Management: Thierry BOULARD<br>Conception :&nbsp;<a href=\"http:\/\/mooood.fr\" target=\"_blank\" rel=\"noreferrer noopener\">Mooood.<\/a><\/p>\n\n\n\n<h2 class=\"wp-block-heading\">Hosting<\/h2>\n\n\n\n<p class=\"translation-block\">En vertu de l\u2019article 6 de la loi n\u00b0 2004-575 du 21 juin 2004 pour la confiance dans l\u2019\u00e9conomie num\u00e9rique, il est pr\u00e9cis\u00e9 aux utilisateurs du site <a href=\"https:\/\/coupeco.com\/en\/\" target=\"_blank\" rel=\"noreferrer noopener\">https:\/\/coupeco.com\/<\/a> l\u2019identit\u00e9 des diff\u00e9rents intervenants dans le cadre de sa r\u00e9alisation et de son suivi :<\/p>\n\n\n\n<p><strong>host :<\/strong> GANDI SAS \u2013 <a>www.gandi.net<\/a> \u2013 Si\u00e8ge social : 63-65 boulevard Mass\u00e9na, 75013 Paris, France <\/p>\n\n\n\n<h2 class=\"wp-block-heading\">Plateform<\/h2>\n\n\n\n<p>This website is built using the open-source WordPress platform.<\/p>\n\n\n\n<h2 class=\"wp-block-heading\">Reproduction Rights<\/h2>\n\n\n\n<p>The information presented on this site is public. You may reproduce pages from this site, provided you mention the source and create a link to the referenced page(s). However, this information may not be used for commercial or advertising purposes. When data on this site has a personal nature, users must use it in compliance with current regulations and the recommendations of the French National Commission on Informatics and Liberty (CNIL).<\/p>\n\n\n\n<h2 class=\"wp-block-heading\">Data Protection and Privacy<\/h2>\n\n\n\n<p>In accordance with CNIL recommendation 2005-284, this website has not been declared as such. However, all current or future data processing related to this website has been or will be declared to the CNIL. The aforementioned processing operations comply with standard NS48 dated 07\/06\/2005, issued by the French National Commission on Informatics and Liberty (CNIL). Finally, in accordance with Articles 38 and 40 of Law No. 2004-801 of 06\/08\/2004, you have the right to access, rectify, and delete data concerning you. This right can be exercised by contacting us at:<\/p>\n\n\n\n<p>CoupEco<br>ZI du Chail<br>17800 Pons \u2013 FRANCE<\/p>","protected":false},"excerpt":{"rendered":"<p>Coordonn\u00e9es CoupEcoZI du Chail17800 Pons \u2013 FRANCET\u00e9l. :&nbsp;+33(0)5 46 96 25 50SIRET : 401 895 883 00023. Responsabilit\u00e9s Directeur de la publication et R\u00e9alisation \u00e9ditoriale : Thierry BOULARD.Conception :&nbsp;Mooood. H\u00e9bergement En vertu de l\u2019article 6 de la loi n\u00b0 2004-575 du 21 juin 2004 pour la confiance dans l\u2019\u00e9conomie num\u00e9rique, il est pr\u00e9cis\u00e9 aux utilisateurs [&hellip;]<\/p>\n","protected":false},"author":4,"featured_media":0,"parent":0,"menu_order":0,"comment_status":"closed","ping_status":"closed","template":"page-legal.php","meta":{"_acf_changed":false,"footnotes":""},"class_list":["post-756","page","type-page","status-publish","hentry"],"acf":[],"yoast_head":"<!-- This site is optimized with the Yoast SEO plugin v27.2 - https:\/\/yoast.com\/product\/yoast-seo-wordpress\/ -->\n<title>Mentions l\u00e9gales - Coupeco<\/title>\n<meta name=\"robots\" content=\"index, follow, max-snippet:-1, max-image-preview:large, max-video-preview:-1\" \/>\n<link rel=\"canonical\" href=\"https:\/\/coupeco.com\/en\/legal-notice\/\" \/>\n<meta property=\"og:locale\" content=\"en_GB\" \/>\n<meta property=\"og:type\" content=\"article\" \/>\n<meta property=\"og:title\" content=\"Mentions l\u00e9gales - Coupeco\" \/>\n<meta property=\"og:description\" content=\"Coordonn\u00e9es CoupEcoZI du Chail17800 Pons \u2013 FRANCET\u00e9l. :&nbsp;+33(0)5 46 96 25 50SIRET : 401 895 883 00023. Responsabilit\u00e9s Directeur de la publication et R\u00e9alisation \u00e9ditoriale : Thierry BOULARD.Conception :&nbsp;Mooood. H\u00e9bergement En vertu de l\u2019article 6 de la loi n\u00b0 2004-575 du 21 juin 2004 pour la confiance dans l\u2019\u00e9conomie num\u00e9rique, il est pr\u00e9cis\u00e9 aux utilisateurs [&hellip;]\" \/>\n<meta property=\"og:url\" content=\"https:\/\/coupeco.com\/en\/legal-notice\/\" \/>\n<meta property=\"og:site_name\" content=\"Coupeco\" \/>\n<meta property=\"article:modified_time\" content=\"2025-07-28T09:25:34+00:00\" \/>\n<meta name=\"twitter:card\" content=\"summary_large_image\" \/>\n<meta name=\"twitter:label1\" content=\"Est. reading time\" \/>\n\t<meta name=\"twitter:data1\" content=\"2 minutes\" \/>\n<script type=\"application\/ld+json\" class=\"yoast-schema-graph\">{\"@context\":\"https:\/\/schema.org\",\"@graph\":[{\"@type\":\"WebPage\",\"@id\":\"https:\/\/coupeco.com\/mentions-legales\/\",\"url\":\"https:\/\/coupeco.com\/mentions-legales\/\",\"name\":\"Mentions l\u00e9gales - Coupeco\",\"isPartOf\":{\"@id\":\"https:\/\/coupeco.com\/#website\"},\"datePublished\":\"2025-06-13T09:41:29+00:00\",\"dateModified\":\"2025-07-28T09:25:34+00:00\",\"breadcrumb\":{\"@id\":\"https:\/\/coupeco.com\/mentions-legales\/#breadcrumb\"},\"inLanguage\":\"en-GB\",\"potentialAction\":[{\"@type\":\"ReadAction\",\"target\":[\"https:\/\/coupeco.com\/mentions-legales\/\"]}]},{\"@type\":\"BreadcrumbList\",\"@id\":\"https:\/\/coupeco.com\/mentions-legales\/#breadcrumb\",\"itemListElement\":[{\"@type\":\"ListItem\",\"position\":1,\"name\":\"Accueil\",\"item\":\"https:\/\/coupeco.com\/\"},{\"@type\":\"ListItem\",\"position\":2,\"name\":\"Mentions l\u00e9gales\"}]},{\"@type\":\"WebSite\",\"@id\":\"https:\/\/coupeco.com\/#website\",\"url\":\"https:\/\/coupeco.com\/\",\"name\":\"Coupeco\",\"description\":\"\",\"publisher\":{\"@id\":\"https:\/\/coupeco.com\/#organization\"},\"potentialAction\":[{\"@type\":\"SearchAction\",\"target\":{\"@type\":\"EntryPoint\",\"urlTemplate\":\"https:\/\/coupeco.com\/?s={search_term_string}\"},\"query-input\":{\"@type\":\"PropertyValueSpecification\",\"valueRequired\":true,\"valueName\":\"search_term_string\"}}],\"inLanguage\":\"en-GB\"},{\"@type\":\"Organization\",\"@id\":\"https:\/\/coupeco.com\/#organization\",\"name\":\"Coup'eco\",\"url\":\"https:\/\/coupeco.com\/\",\"logo\":{\"@type\":\"ImageObject\",\"inLanguage\":\"en-GB\",\"@id\":\"https:\/\/coupeco.com\/#\/schema\/logo\/image\/\",\"url\":\"https:\/\/coupeco.com\/wp-content\/uploads\/2025\/01\/logo-sans-baseline.png\",\"contentUrl\":\"https:\/\/coupeco.com\/wp-content\/uploads\/2025\/01\/logo-sans-baseline.png\",\"width\":340,\"height\":37,\"caption\":\"Coup'eco\"},\"image\":{\"@id\":\"https:\/\/coupeco.com\/#\/schema\/logo\/image\/\"}}]}<\/script>\n<!-- \/ Yoast SEO plugin. -->","yoast_head_json":{"title":"Mentions l\u00e9gales - Coupeco","robots":{"index":"index","follow":"follow","max-snippet":"max-snippet:-1","max-image-preview":"max-image-preview:large","max-video-preview":"max-video-preview:-1"},"canonical":"https:\/\/coupeco.com\/en\/legal-notice\/","og_locale":"en_GB","og_type":"article","og_title":"Mentions l\u00e9gales - Coupeco","og_description":"Coordonn\u00e9es CoupEcoZI du Chail17800 Pons \u2013 FRANCET\u00e9l. :&nbsp;+33(0)5 46 96 25 50SIRET : 401 895 883 00023. Responsabilit\u00e9s Directeur de la publication et R\u00e9alisation \u00e9ditoriale : Thierry BOULARD.Conception :&nbsp;Mooood. H\u00e9bergement En vertu de l\u2019article 6 de la loi n\u00b0 2004-575 du 21 juin 2004 pour la confiance dans l\u2019\u00e9conomie num\u00e9rique, il est pr\u00e9cis\u00e9 aux utilisateurs [&hellip;]","og_url":"https:\/\/coupeco.com\/en\/legal-notice\/","og_site_name":"Coupeco","article_modified_time":"2025-07-28T09:25:34+00:00","twitter_card":"summary_large_image","twitter_misc":{"Est. reading time":"2 minutes"},"schema":{"@context":"https:\/\/schema.org","@graph":[{"@type":"WebPage","@id":"https:\/\/coupeco.com\/mentions-legales\/","url":"https:\/\/coupeco.com\/mentions-legales\/","name":"Mentions l\u00e9gales - Coupeco","isPartOf":{"@id":"https:\/\/coupeco.com\/#website"},"datePublished":"2025-06-13T09:41:29+00:00","dateModified":"2025-07-28T09:25:34+00:00","breadcrumb":{"@id":"https:\/\/coupeco.com\/mentions-legales\/#breadcrumb"},"inLanguage":"en-GB","potentialAction":[{"@type":"ReadAction","target":["https:\/\/coupeco.com\/mentions-legales\/"]}]},{"@type":"BreadcrumbList","@id":"https:\/\/coupeco.com\/mentions-legales\/#breadcrumb","itemListElement":[{"@type":"ListItem","position":1,"name":"Accueil","item":"https:\/\/coupeco.com\/"},{"@type":"ListItem","position":2,"name":"Mentions l\u00e9gales"}]},{"@type":"WebSite","@id":"https:\/\/coupeco.com\/#website","url":"https:\/\/coupeco.com\/","name":"Coupeco","description":"","publisher":{"@id":"https:\/\/coupeco.com\/#organization"},"potentialAction":[{"@type":"SearchAction","target":{"@type":"EntryPoint","urlTemplate":"https:\/\/coupeco.com\/?s={search_term_string}"},"query-input":{"@type":"PropertyValueSpecification","valueRequired":true,"valueName":"search_term_string"}}],"inLanguage":"en-GB"},{"@type":"Organization","@id":"https:\/\/coupeco.com\/#organization","name":"Coup'eco","url":"https:\/\/coupeco.com\/","logo":{"@type":"ImageObject","inLanguage":"en-GB","@id":"https:\/\/coupeco.com\/#\/schema\/logo\/image\/","url":"https:\/\/coupeco.com\/wp-content\/uploads\/2025\/01\/logo-sans-baseline.png","contentUrl":"https:\/\/coupeco.com\/wp-content\/uploads\/2025\/01\/logo-sans-baseline.png","width":340,"height":37,"caption":"Coup'eco"},"image":{"@id":"https:\/\/coupeco.com\/#\/schema\/logo\/image\/"}}]}},"_links":{"self":[{"href":"https:\/\/coupeco.com\/en\/wp-json\/wp\/v2\/pages\/756","targetHints":{"allow":["GET"]}}],"collection":[{"href":"https:\/\/coupeco.com\/en\/wp-json\/wp\/v2\/pages"}],"about":[{"href":"https:\/\/coupeco.com\/en\/wp-json\/wp\/v2\/types\/page"}],"author":[{"embeddable":true,"href":"https:\/\/coupeco.com\/en\/wp-json\/wp\/v2\/users\/4"}],"replies":[{"embeddable":true,"href":"https:\/\/coupeco.com\/en\/wp-json\/wp\/v2\/comments?post=756"}],"version-history":[{"count":2,"href":"https:\/\/coupeco.com\/en\/wp-json\/wp\/v2\/pages\/756\/revisions"}],"predecessor-version":[{"id":1172,"href":"https:\/\/coupeco.com\/en\/wp-json\/wp\/v2\/pages\/756\/revisions\/1172"}],"wp:attachment":[{"href":"https:\/\/coupeco.com\/en\/wp-json\/wp\/v2\/media?parent=756"}],"curies":[{"name":"wp","href":"https:\/\/api.w.org\/{rel}","templated":true}]}}