{"id":3,"date":"2024-12-16T09:29:15","date_gmt":"2024-12-16T08:29:15","guid":{"rendered":"https:\/\/coupeco.mooood-preprod.fr\/?page_id=3"},"modified":"2025-06-13T11:39:56","modified_gmt":"2025-06-13T09:39:56","slug":"proteccion-de-datos-personales","status":"publish","type":"page","link":"https:\/\/coupeco.com\/es\/politique-de-confidentialite\/","title":{"rendered":"Protecci\u00f3n de datos personales"},"content":{"rendered":"<h2 class=\"wp-block-heading\">\u00bfQui\u00e9nes somos?<\/h2>\n\n\n\n<p>CoupEco<br>ZI du Chail<br>17800 Pons \u2013 FRANCIA<br>Tel :&nbsp;<a href=\"tel:+33546962550\">+33(0)5 46 96 25 50<\/a><br>SIRET : 401 895 883 00023<\/p>\n\n\n\n<h2 class=\"wp-block-heading\">Cookies y estad\u00edsticas<\/h2>\n\n\n\n<p>Este sitio web utiliza marcadores, llamados cookies, gestionados por la plataforma Google Analytics. Se registran a trav\u00e9s de su navegador&nbsp;<strong>y recopilan de forma an\u00f3nima informaci\u00f3n<\/strong>&nbsp;sobre su navegaci\u00f3n en el sitio, como: p\u00e1ginas visitadas, duraci\u00f3n de la visita, dispositivo utilizado (ordenador, tableta, smartphone\u2026), direcci\u00f3n IP, procedencia (b\u00fasqueda en internet, redes sociales, sitios externos\u2026) u origen geogr\u00e1fico (regi\u00f3n). Puede oponerse a la recogida de esta informaci\u00f3n an\u00f3nima haciendo clic en el bot\u00f3n \u201cRechazar\u201d que aparece en el banner de informaci\u00f3n sobre cookies al abrir el sitio.<br><a href=\"https:\/\/support.google.com\/analytics\/answer\/6004245?hl=fr\">Consulte la pol\u00edtica de privacidad de Google Analytics.<\/a>.<\/p>\n\n\n\n<h2 class=\"wp-block-heading\">Uso y transmisi\u00f3n de sus datos personales<\/h2>\n\n\n\n<p>Los datos personales y la informaci\u00f3n an\u00f3nima que almacenan CoupEco y Google Analytics no se comparten ni se divulgan en ning\u00fan caso a proveedores de servicios ni a empresas externas a las dos entidades mencionadas.<\/p>\n\n\n\n<h2 class=\"wp-block-heading\">Duraci\u00f3n del almacenamiento de sus datos<\/h2>\n\n\n\n<p>Los datos personales que usted proporciona no se almacenan en la base de datos del sitio web y ser\u00e1n eliminados, como m\u00e1ximo, un a\u00f1o despu\u00e9s de la finalizaci\u00f3n de la \u00faltima relaci\u00f3n comercial mantenida con CoupEco. El proveedor de alojamiento Hostinger, cuyos servidores est\u00e1n situados en Francia metropolitana, almacena los correos electr\u00f3nicos enviados a trav\u00e9s del formulario de contacto del sitio, para que CoupEco pueda consultar los mensajes que usted env\u00eda. No se almacena ning\u00fan dato personal en este sitio ni en la plataforma utilizada (WordPress). Las cookies (informaci\u00f3n an\u00f3nima) se almacenan durante un mes en su navegador.<\/p>\n\n\n\n<h2 class=\"wp-block-heading\">Sus derechos sobre sus datos<\/h2>\n\n\n\n<p>Si ha transmitido datos personales a CoupEco, puede solicitar un archivo con todos los datos personales que la empresa posee sobre usted. Tambi\u00e9n puede solicitar la eliminaci\u00f3n de dichos datos personales. Esto no incluye los datos almacenados con fines administrativos, legales o por razones de seguridad.<\/p>\n\n\n\n<h2 class=\"wp-block-heading\">Informaci\u00f3n de contacto<\/h2>\n\n\n\n<p>Para cualquier solicitud relacionada con sus datos personales, puede escribirnos a la siguiente direcci\u00f3n:<\/p>\n\n\n\n<p>CoupEco<br>ZI du Chail<br>17800 Pons \u2013 FRANCIA<\/p>\n\n\n\n<h2 class=\"wp-block-heading\">Protecci\u00f3n de datos personales<\/h2>\n\n\n\n<p>Solo el responsable de CoupEco, el Sr. Thierry Boulard, y su secretar\u00eda tienen acceso a los mensajes que usted transmite a la empresa. Como responsables del tratamiento de datos, se comprometen a proteger su informaci\u00f3n al m\u00e1ximo: almacenamiento de correos electr\u00f3nicos recibidos a trav\u00e9s del formulario de contacto en un servidor (IMAP) durante un m\u00e1ximo de un mes, y consulta de los mensajes mediante un protocolo seguro (SSL).<\/p>\n\n\n\n<h2 class=\"wp-block-heading\">Procedimientos en caso de filtraci\u00f3n de datos<\/h2>\n\n\n\n<p>En caso de hackeo inform\u00e1tico, fallo de seguridad o cualquier otro incidente que implique una fuga de datos personales almacenados por CoupEco, la empresa informar\u00e1 lo antes posible a los clientes afectados mediante correo electr\u00f3nico.<\/p>","protected":false},"excerpt":{"rendered":"<p>Qui sommes-nous ? CoupEcoZI du Chail17800 Pons \u2013 FRANCET\u00e9l. :&nbsp;+33(0)5 46 96 25 50SIRET : 401 895 883 00023 Cookies et statistiques Le pr\u00e9sent site internet utilise des marqueurs, appel\u00e9s cookies, g\u00e9r\u00e9s par la plateforme Google Analytics. Ils s\u2019enregistrent via votre navigateur internet et&nbsp;communiquent de fa\u00e7on anonyme des informations&nbsp;de votre navigation sur le site, du [&hellip;]<\/p>\n","protected":false},"author":1,"featured_media":0,"parent":0,"menu_order":0,"comment_status":"closed","ping_status":"open","template":"page-legal.php","meta":{"_acf_changed":false,"footnotes":""},"class_list":["post-3","page","type-page","status-publish","hentry"],"acf":[],"yoast_head":"<!-- This site is optimized with the Yoast SEO plugin v27.5 - https:\/\/yoast.com\/product\/yoast-seo-wordpress\/ -->\n<title>Protection des Donn\u00e9es Personnelles - Coupeco<\/title>\n<meta name=\"robots\" content=\"index, follow, max-snippet:-1, max-image-preview:large, max-video-preview:-1\" \/>\n<link rel=\"canonical\" href=\"https:\/\/coupeco.com\/es\/proteccion-de-datos-personales\/\" \/>\n<meta property=\"og:locale\" content=\"es_ES\" \/>\n<meta property=\"og:type\" content=\"article\" \/>\n<meta property=\"og:title\" content=\"Protection des Donn\u00e9es Personnelles - Coupeco\" \/>\n<meta property=\"og:description\" content=\"Qui sommes-nous ? CoupEcoZI du Chail17800 Pons \u2013 FRANCET\u00e9l. :&nbsp;+33(0)5 46 96 25 50SIRET : 401 895 883 00023 Cookies et statistiques Le pr\u00e9sent site internet utilise des marqueurs, appel\u00e9s cookies, g\u00e9r\u00e9s par la plateforme Google Analytics. Ils s\u2019enregistrent via votre navigateur internet et&nbsp;communiquent de fa\u00e7on anonyme des informations&nbsp;de votre navigation sur le site, du [&hellip;]\" \/>\n<meta property=\"og:url\" content=\"https:\/\/coupeco.com\/es\/proteccion-de-datos-personales\/\" \/>\n<meta property=\"og:site_name\" content=\"Coupeco\" \/>\n<meta property=\"article:modified_time\" content=\"2025-06-13T09:39:56+00:00\" \/>\n<meta name=\"twitter:card\" content=\"summary_large_image\" \/>\n<meta name=\"twitter:label1\" content=\"Est. reading time\" \/>\n\t<meta name=\"twitter:data1\" content=\"3 minutos\" \/>\n<script type=\"application\/ld+json\" class=\"yoast-schema-graph\">{\"@context\":\"https:\\\/\\\/schema.org\",\"@graph\":[{\"@type\":\"WebPage\",\"@id\":\"https:\\\/\\\/coupeco.com\\\/politique-de-confidentialite\\\/\",\"url\":\"https:\\\/\\\/coupeco.com\\\/politique-de-confidentialite\\\/\",\"name\":\"Protection des Donn\u00e9es Personnelles - Coupeco\",\"isPartOf\":{\"@id\":\"https:\\\/\\\/coupeco.com\\\/#website\"},\"datePublished\":\"2024-12-16T08:29:15+00:00\",\"dateModified\":\"2025-06-13T09:39:56+00:00\",\"breadcrumb\":{\"@id\":\"https:\\\/\\\/coupeco.com\\\/politique-de-confidentialite\\\/#breadcrumb\"},\"inLanguage\":\"es\",\"potentialAction\":[{\"@type\":\"ReadAction\",\"target\":[\"https:\\\/\\\/coupeco.com\\\/politique-de-confidentialite\\\/\"]}]},{\"@type\":\"BreadcrumbList\",\"@id\":\"https:\\\/\\\/coupeco.com\\\/politique-de-confidentialite\\\/#breadcrumb\",\"itemListElement\":[{\"@type\":\"ListItem\",\"position\":1,\"name\":\"Accueil\",\"item\":\"https:\\\/\\\/coupeco.com\\\/\"},{\"@type\":\"ListItem\",\"position\":2,\"name\":\"Protection des Donn\u00e9es Personnelles\"}]},{\"@type\":\"WebSite\",\"@id\":\"https:\\\/\\\/coupeco.com\\\/#website\",\"url\":\"https:\\\/\\\/coupeco.com\\\/\",\"name\":\"Coupeco\",\"description\":\"\",\"publisher\":{\"@id\":\"https:\\\/\\\/coupeco.com\\\/#organization\"},\"potentialAction\":[{\"@type\":\"SearchAction\",\"target\":{\"@type\":\"EntryPoint\",\"urlTemplate\":\"https:\\\/\\\/coupeco.com\\\/?s={search_term_string}\"},\"query-input\":{\"@type\":\"PropertyValueSpecification\",\"valueRequired\":true,\"valueName\":\"search_term_string\"}}],\"inLanguage\":\"es\"},{\"@type\":\"Organization\",\"@id\":\"https:\\\/\\\/coupeco.com\\\/#organization\",\"name\":\"Coup'eco\",\"url\":\"https:\\\/\\\/coupeco.com\\\/\",\"logo\":{\"@type\":\"ImageObject\",\"inLanguage\":\"es\",\"@id\":\"https:\\\/\\\/coupeco.com\\\/#\\\/schema\\\/logo\\\/image\\\/\",\"url\":\"https:\\\/\\\/coupeco.com\\\/wp-content\\\/uploads\\\/2025\\\/01\\\/logo-sans-baseline.png\",\"contentUrl\":\"https:\\\/\\\/coupeco.com\\\/wp-content\\\/uploads\\\/2025\\\/01\\\/logo-sans-baseline.png\",\"width\":340,\"height\":37,\"caption\":\"Coup'eco\"},\"image\":{\"@id\":\"https:\\\/\\\/coupeco.com\\\/#\\\/schema\\\/logo\\\/image\\\/\"}}]}<\/script>\n<!-- \/ Yoast SEO plugin. -->","yoast_head_json":{"title":"Protection des Donn\u00e9es Personnelles - Coupeco","robots":{"index":"index","follow":"follow","max-snippet":"max-snippet:-1","max-image-preview":"max-image-preview:large","max-video-preview":"max-video-preview:-1"},"canonical":"https:\/\/coupeco.com\/es\/proteccion-de-datos-personales\/","og_locale":"es_ES","og_type":"article","og_title":"Protection des Donn\u00e9es Personnelles - Coupeco","og_description":"Qui sommes-nous ? CoupEcoZI du Chail17800 Pons \u2013 FRANCET\u00e9l. :&nbsp;+33(0)5 46 96 25 50SIRET : 401 895 883 00023 Cookies et statistiques Le pr\u00e9sent site internet utilise des marqueurs, appel\u00e9s cookies, g\u00e9r\u00e9s par la plateforme Google Analytics. Ils s\u2019enregistrent via votre navigateur internet et&nbsp;communiquent de fa\u00e7on anonyme des informations&nbsp;de votre navigation sur le site, du [&hellip;]","og_url":"https:\/\/coupeco.com\/es\/proteccion-de-datos-personales\/","og_site_name":"Coupeco","article_modified_time":"2025-06-13T09:39:56+00:00","twitter_card":"summary_large_image","twitter_misc":{"Est. reading time":"3 minutos"},"schema":{"@context":"https:\/\/schema.org","@graph":[{"@type":"WebPage","@id":"https:\/\/coupeco.com\/politique-de-confidentialite\/","url":"https:\/\/coupeco.com\/politique-de-confidentialite\/","name":"Protection des Donn\u00e9es Personnelles - Coupeco","isPartOf":{"@id":"https:\/\/coupeco.com\/#website"},"datePublished":"2024-12-16T08:29:15+00:00","dateModified":"2025-06-13T09:39:56+00:00","breadcrumb":{"@id":"https:\/\/coupeco.com\/politique-de-confidentialite\/#breadcrumb"},"inLanguage":"es","potentialAction":[{"@type":"ReadAction","target":["https:\/\/coupeco.com\/politique-de-confidentialite\/"]}]},{"@type":"BreadcrumbList","@id":"https:\/\/coupeco.com\/politique-de-confidentialite\/#breadcrumb","itemListElement":[{"@type":"ListItem","position":1,"name":"Accueil","item":"https:\/\/coupeco.com\/"},{"@type":"ListItem","position":2,"name":"Protection des Donn\u00e9es Personnelles"}]},{"@type":"WebSite","@id":"https:\/\/coupeco.com\/#website","url":"https:\/\/coupeco.com\/","name":"Coupeco","description":"","publisher":{"@id":"https:\/\/coupeco.com\/#organization"},"potentialAction":[{"@type":"SearchAction","target":{"@type":"EntryPoint","urlTemplate":"https:\/\/coupeco.com\/?s={search_term_string}"},"query-input":{"@type":"PropertyValueSpecification","valueRequired":true,"valueName":"search_term_string"}}],"inLanguage":"es"},{"@type":"Organization","@id":"https:\/\/coupeco.com\/#organization","name":"Coup'eco","url":"https:\/\/coupeco.com\/","logo":{"@type":"ImageObject","inLanguage":"es","@id":"https:\/\/coupeco.com\/#\/schema\/logo\/image\/","url":"https:\/\/coupeco.com\/wp-content\/uploads\/2025\/01\/logo-sans-baseline.png","contentUrl":"https:\/\/coupeco.com\/wp-content\/uploads\/2025\/01\/logo-sans-baseline.png","width":340,"height":37,"caption":"Coup'eco"},"image":{"@id":"https:\/\/coupeco.com\/#\/schema\/logo\/image\/"}}]}},"_links":{"self":[{"href":"https:\/\/coupeco.com\/es\/wp-json\/wp\/v2\/pages\/3","targetHints":{"allow":["GET"]}}],"collection":[{"href":"https:\/\/coupeco.com\/es\/wp-json\/wp\/v2\/pages"}],"about":[{"href":"https:\/\/coupeco.com\/es\/wp-json\/wp\/v2\/types\/page"}],"author":[{"embeddable":true,"href":"https:\/\/coupeco.com\/es\/wp-json\/wp\/v2\/users\/1"}],"replies":[{"embeddable":true,"href":"https:\/\/coupeco.com\/es\/wp-json\/wp\/v2\/comments?post=3"}],"version-history":[{"count":1,"href":"https:\/\/coupeco.com\/es\/wp-json\/wp\/v2\/pages\/3\/revisions"}],"predecessor-version":[{"id":755,"href":"https:\/\/coupeco.com\/es\/wp-json\/wp\/v2\/pages\/3\/revisions\/755"}],"wp:attachment":[{"href":"https:\/\/coupeco.com\/es\/wp-json\/wp\/v2\/media?parent=3"}],"curies":[{"name":"wp","href":"https:\/\/api.w.org\/{rel}","templated":true}]}}