{"id":756,"date":"2025-06-13T11:41:29","date_gmt":"2025-06-13T09:41:29","guid":{"rendered":"https:\/\/coupeco.mooood-preprod.fr\/?page_id=756"},"modified":"2025-07-28T11:25:34","modified_gmt":"2025-07-28T09:25:34","slug":"avisos-legales","status":"publish","type":"page","link":"https:\/\/coupeco.com\/es\/mentions-legales\/","title":{"rendered":"Informaci\u00f3n jur\u00eddica"},"content":{"rendered":"<h2 class=\"wp-block-heading\">Datos de contacto<\/h2>\n\n\n\n<p>CoupEco<br>ZI du Chail<br>17800 Pons \u2013 FRANCIA<br>Tel :&nbsp;<a href=\"tel:+33546962550\">+33(0)5 46 96 25 50<\/a><br>SIRET : 401 895 883 00023.<\/p>\n\n\n\n<h2 class=\"wp-block-heading\">Responsabilidades<\/h2>\n\n\n\n<p>Director de publicaci\u00f3n y producci\u00f3n editorial: Thierry BOULARD.<br>Conception :&nbsp;<a href=\"http:\/\/mooood.fr\" target=\"_blank\" rel=\"noreferrer noopener\">Mooood.<\/a><\/p>\n\n\n\n<h2 class=\"wp-block-heading\">Alojamiento<\/h2>\n\n\n\n<p class=\"translation-block\">En aplicaci\u00f3n del art\u00edculo 6 de la Ley n\u00ba 2004-575, de 21 de junio de 2004, sobre la confianza en la econom\u00eda digital, se informa a los usuarios del sitio web https:\/\/coupeco.com\/ de la identidad de las distintas partes que intervienen en su creaci\u00f3n y seguimiento:<\/p>\n\n\n\n<p><strong>Alojador:<\/strong> GANDI SAS \u2013 <a>www.gandi.net<\/a> Domicilio social: 63-65 boulevard Mass\u00e9na, 75013 Par\u00eds, Francia <\/p>\n\n\n\n<h2 class=\"wp-block-heading\">Plataforma<\/h2>\n\n\n\n<p>Este sitio web ha sido desarrollado utilizando la plataforma de c\u00f3digo abierto WordPress.<\/p>\n\n\n\n<h2 class=\"wp-block-heading\">Derechos de reproducci\u00f3n<\/h2>\n\n\n\n<p>La informaci\u00f3n presentada en este sitio es de car\u00e1cter p\u00fablico. Por lo tanto, puede reproducir p\u00e1ginas del sitio siempre que se mencione la fuente y se cree un enlace hacia la(s) p\u00e1gina(s) de referencia. No obstante, no puede utilizarse con fines comerciales o publicitarios. Cuando los datos presentes en este sitio tengan car\u00e1cter nominativo, los usuarios deber\u00e1n respetar la legislaci\u00f3n vigente y las recomendaciones de la Commission Nationale de l\u2019Informatique et des Libert\u00e9s (CNIL).<\/p>\n\n\n\n<h2 class=\"wp-block-heading\">Inform\u00e1tica y Libertades<\/h2>\n\n\n\n<p>De acuerdo con la recomendaci\u00f3n 2005-284 de la CNIL, este sitio web no ha sido declarado como tal. No obstante, todos los tratamientos de datos existentes o futuros relacionados con este sitio han sido o ser\u00e1n declarados ante la CNIL. Dichos tratamientos se ajustan a la norma NS48 del 07\/06\/2005 emitida por la Comisi\u00f3n Nacional de Inform\u00e1tica y Libertades.\nPor \u00faltimo, y conforme a los art\u00edculos 38 y 40 de la Ley 2004-801 del 06\/08\/2004, usted tiene derecho de acceso, rectificaci\u00f3n y eliminaci\u00f3n de los datos que le conciernan. Este derecho puede ejercerse contact\u00e1ndonos:<\/p>\n\n\n\n<p>CoupEco<br>ZI du Chail<br>17800 Pons \u2013 FRANCIA<\/p>","protected":false},"excerpt":{"rendered":"<p>Coordonn\u00e9es CoupEcoZI du Chail17800 Pons \u2013 FRANCET\u00e9l. :&nbsp;+33(0)5 46 96 25 50SIRET : 401 895 883 00023. Responsabilit\u00e9s Directeur de la publication et R\u00e9alisation \u00e9ditoriale : Thierry BOULARD.Conception :&nbsp;Mooood. H\u00e9bergement En vertu de l\u2019article 6 de la loi n\u00b0 2004-575 du 21 juin 2004 pour la confiance dans l\u2019\u00e9conomie num\u00e9rique, il est pr\u00e9cis\u00e9 aux utilisateurs [&hellip;]<\/p>\n","protected":false},"author":4,"featured_media":0,"parent":0,"menu_order":0,"comment_status":"closed","ping_status":"closed","template":"page-legal.php","meta":{"_acf_changed":false,"footnotes":""},"class_list":["post-756","page","type-page","status-publish","hentry"],"acf":[],"yoast_head":"<!-- This site is optimized with the Yoast SEO plugin v27.2 - https:\/\/yoast.com\/product\/yoast-seo-wordpress\/ -->\n<title>Mentions l\u00e9gales - Coupeco<\/title>\n<meta name=\"robots\" content=\"index, follow, max-snippet:-1, max-image-preview:large, max-video-preview:-1\" \/>\n<link rel=\"canonical\" href=\"https:\/\/coupeco.com\/es\/avisos-legales\/\" \/>\n<meta property=\"og:locale\" content=\"es_ES\" \/>\n<meta property=\"og:type\" content=\"article\" \/>\n<meta property=\"og:title\" content=\"Mentions l\u00e9gales - Coupeco\" \/>\n<meta property=\"og:description\" content=\"Coordonn\u00e9es CoupEcoZI du Chail17800 Pons \u2013 FRANCET\u00e9l. :&nbsp;+33(0)5 46 96 25 50SIRET : 401 895 883 00023. Responsabilit\u00e9s Directeur de la publication et R\u00e9alisation \u00e9ditoriale : Thierry BOULARD.Conception :&nbsp;Mooood. H\u00e9bergement En vertu de l\u2019article 6 de la loi n\u00b0 2004-575 du 21 juin 2004 pour la confiance dans l\u2019\u00e9conomie num\u00e9rique, il est pr\u00e9cis\u00e9 aux utilisateurs [&hellip;]\" \/>\n<meta property=\"og:url\" content=\"https:\/\/coupeco.com\/es\/avisos-legales\/\" \/>\n<meta property=\"og:site_name\" content=\"Coupeco\" \/>\n<meta property=\"article:modified_time\" content=\"2025-07-28T09:25:34+00:00\" \/>\n<meta name=\"twitter:card\" content=\"summary_large_image\" \/>\n<meta name=\"twitter:label1\" content=\"Est. reading time\" \/>\n\t<meta name=\"twitter:data1\" content=\"2 minutos\" \/>\n<script type=\"application\/ld+json\" class=\"yoast-schema-graph\">{\"@context\":\"https:\/\/schema.org\",\"@graph\":[{\"@type\":\"WebPage\",\"@id\":\"https:\/\/coupeco.com\/mentions-legales\/\",\"url\":\"https:\/\/coupeco.com\/mentions-legales\/\",\"name\":\"Mentions l\u00e9gales - Coupeco\",\"isPartOf\":{\"@id\":\"https:\/\/coupeco.com\/#website\"},\"datePublished\":\"2025-06-13T09:41:29+00:00\",\"dateModified\":\"2025-07-28T09:25:34+00:00\",\"breadcrumb\":{\"@id\":\"https:\/\/coupeco.com\/mentions-legales\/#breadcrumb\"},\"inLanguage\":\"es\",\"potentialAction\":[{\"@type\":\"ReadAction\",\"target\":[\"https:\/\/coupeco.com\/mentions-legales\/\"]}]},{\"@type\":\"BreadcrumbList\",\"@id\":\"https:\/\/coupeco.com\/mentions-legales\/#breadcrumb\",\"itemListElement\":[{\"@type\":\"ListItem\",\"position\":1,\"name\":\"Accueil\",\"item\":\"https:\/\/coupeco.com\/\"},{\"@type\":\"ListItem\",\"position\":2,\"name\":\"Mentions l\u00e9gales\"}]},{\"@type\":\"WebSite\",\"@id\":\"https:\/\/coupeco.com\/#website\",\"url\":\"https:\/\/coupeco.com\/\",\"name\":\"Coupeco\",\"description\":\"\",\"publisher\":{\"@id\":\"https:\/\/coupeco.com\/#organization\"},\"potentialAction\":[{\"@type\":\"SearchAction\",\"target\":{\"@type\":\"EntryPoint\",\"urlTemplate\":\"https:\/\/coupeco.com\/?s={search_term_string}\"},\"query-input\":{\"@type\":\"PropertyValueSpecification\",\"valueRequired\":true,\"valueName\":\"search_term_string\"}}],\"inLanguage\":\"es\"},{\"@type\":\"Organization\",\"@id\":\"https:\/\/coupeco.com\/#organization\",\"name\":\"Coup'eco\",\"url\":\"https:\/\/coupeco.com\/\",\"logo\":{\"@type\":\"ImageObject\",\"inLanguage\":\"es\",\"@id\":\"https:\/\/coupeco.com\/#\/schema\/logo\/image\/\",\"url\":\"https:\/\/coupeco.com\/wp-content\/uploads\/2025\/01\/logo-sans-baseline.png\",\"contentUrl\":\"https:\/\/coupeco.com\/wp-content\/uploads\/2025\/01\/logo-sans-baseline.png\",\"width\":340,\"height\":37,\"caption\":\"Coup'eco\"},\"image\":{\"@id\":\"https:\/\/coupeco.com\/#\/schema\/logo\/image\/\"}}]}<\/script>\n<!-- \/ Yoast SEO plugin. -->","yoast_head_json":{"title":"Mentions l\u00e9gales - Coupeco","robots":{"index":"index","follow":"follow","max-snippet":"max-snippet:-1","max-image-preview":"max-image-preview:large","max-video-preview":"max-video-preview:-1"},"canonical":"https:\/\/coupeco.com\/es\/avisos-legales\/","og_locale":"es_ES","og_type":"article","og_title":"Mentions l\u00e9gales - Coupeco","og_description":"Coordonn\u00e9es CoupEcoZI du Chail17800 Pons \u2013 FRANCET\u00e9l. :&nbsp;+33(0)5 46 96 25 50SIRET : 401 895 883 00023. Responsabilit\u00e9s Directeur de la publication et R\u00e9alisation \u00e9ditoriale : Thierry BOULARD.Conception :&nbsp;Mooood. H\u00e9bergement En vertu de l\u2019article 6 de la loi n\u00b0 2004-575 du 21 juin 2004 pour la confiance dans l\u2019\u00e9conomie num\u00e9rique, il est pr\u00e9cis\u00e9 aux utilisateurs [&hellip;]","og_url":"https:\/\/coupeco.com\/es\/avisos-legales\/","og_site_name":"Coupeco","article_modified_time":"2025-07-28T09:25:34+00:00","twitter_card":"summary_large_image","twitter_misc":{"Est. reading time":"2 minutos"},"schema":{"@context":"https:\/\/schema.org","@graph":[{"@type":"WebPage","@id":"https:\/\/coupeco.com\/mentions-legales\/","url":"https:\/\/coupeco.com\/mentions-legales\/","name":"Mentions l\u00e9gales - Coupeco","isPartOf":{"@id":"https:\/\/coupeco.com\/#website"},"datePublished":"2025-06-13T09:41:29+00:00","dateModified":"2025-07-28T09:25:34+00:00","breadcrumb":{"@id":"https:\/\/coupeco.com\/mentions-legales\/#breadcrumb"},"inLanguage":"es","potentialAction":[{"@type":"ReadAction","target":["https:\/\/coupeco.com\/mentions-legales\/"]}]},{"@type":"BreadcrumbList","@id":"https:\/\/coupeco.com\/mentions-legales\/#breadcrumb","itemListElement":[{"@type":"ListItem","position":1,"name":"Accueil","item":"https:\/\/coupeco.com\/"},{"@type":"ListItem","position":2,"name":"Mentions l\u00e9gales"}]},{"@type":"WebSite","@id":"https:\/\/coupeco.com\/#website","url":"https:\/\/coupeco.com\/","name":"Coupeco","description":"","publisher":{"@id":"https:\/\/coupeco.com\/#organization"},"potentialAction":[{"@type":"SearchAction","target":{"@type":"EntryPoint","urlTemplate":"https:\/\/coupeco.com\/?s={search_term_string}"},"query-input":{"@type":"PropertyValueSpecification","valueRequired":true,"valueName":"search_term_string"}}],"inLanguage":"es"},{"@type":"Organization","@id":"https:\/\/coupeco.com\/#organization","name":"Coup'eco","url":"https:\/\/coupeco.com\/","logo":{"@type":"ImageObject","inLanguage":"es","@id":"https:\/\/coupeco.com\/#\/schema\/logo\/image\/","url":"https:\/\/coupeco.com\/wp-content\/uploads\/2025\/01\/logo-sans-baseline.png","contentUrl":"https:\/\/coupeco.com\/wp-content\/uploads\/2025\/01\/logo-sans-baseline.png","width":340,"height":37,"caption":"Coup'eco"},"image":{"@id":"https:\/\/coupeco.com\/#\/schema\/logo\/image\/"}}]}},"_links":{"self":[{"href":"https:\/\/coupeco.com\/es\/wp-json\/wp\/v2\/pages\/756","targetHints":{"allow":["GET"]}}],"collection":[{"href":"https:\/\/coupeco.com\/es\/wp-json\/wp\/v2\/pages"}],"about":[{"href":"https:\/\/coupeco.com\/es\/wp-json\/wp\/v2\/types\/page"}],"author":[{"embeddable":true,"href":"https:\/\/coupeco.com\/es\/wp-json\/wp\/v2\/users\/4"}],"replies":[{"embeddable":true,"href":"https:\/\/coupeco.com\/es\/wp-json\/wp\/v2\/comments?post=756"}],"version-history":[{"count":2,"href":"https:\/\/coupeco.com\/es\/wp-json\/wp\/v2\/pages\/756\/revisions"}],"predecessor-version":[{"id":1172,"href":"https:\/\/coupeco.com\/es\/wp-json\/wp\/v2\/pages\/756\/revisions\/1172"}],"wp:attachment":[{"href":"https:\/\/coupeco.com\/es\/wp-json\/wp\/v2\/media?parent=756"}],"curies":[{"name":"wp","href":"https:\/\/api.w.org\/{rel}","templated":true}]}}