{"id":3,"date":"2024-12-16T09:29:15","date_gmt":"2024-12-16T08:29:15","guid":{"rendered":"https:\/\/coupeco.mooood-preprod.fr\/?page_id=3"},"modified":"2025-06-13T11:39:56","modified_gmt":"2025-06-13T09:39:56","slug":"politique-de-confidentialite","status":"publish","type":"page","link":"https:\/\/coupeco.com\/fr\/politique-de-confidentialite\/","title":{"rendered":"Protection des Donn\u00e9es Personnelles"},"content":{"rendered":"\n<h2 class=\"wp-block-heading\">Qui sommes-nous ?<\/h2>\n\n\n\n<p>CoupEco<br>ZI du Chail<br>17800 Pons \u2013 FRANCE<br>T\u00e9l. :&nbsp;<a href=\"tel:+33546962550\">+33(0)5 46 96 25 50<\/a><br>SIRET : 401 895 883 00023<\/p>\n\n\n\n<h2 class=\"wp-block-heading\">Cookies et statistiques<\/h2>\n\n\n\n<p>Le pr\u00e9sent site internet utilise des marqueurs, appel\u00e9s cookies, g\u00e9r\u00e9s par la plateforme Google Analytics. Ils s\u2019enregistrent via votre navigateur internet et&nbsp;<strong>communiquent de fa\u00e7on anonyme des informations<\/strong>&nbsp;de votre navigation sur le site, du type : pages visit\u00e9es, dur\u00e9es de visite, support utilis\u00e9 (ordinateur, tablette, smartphone\u2026), adresse IP, provenance (recherche internet, r\u00e9seaux sociaux, sites externes\u2026), ou encore origine g\u00e9ographique (r\u00e9gion). Vous pouvez vous opposer \u00e0 la collecte de ces informations anonymes via le bouton \u201cRefuser\u201d. Celui-ci qui s\u2019affiche dans le bandeau d\u2019information cookies en bas de la page \u00e0 l\u2019ouverture du site.<br><a href=\"https:\/\/support.google.com\/analytics\/answer\/6004245?hl=fr\">&gt; Consulter la politique de confidentialit\u00e9 de Google Analytics<\/a>.<\/p>\n\n\n\n<h2 class=\"wp-block-heading\">Utilisation et transmission de vos donn\u00e9es personnelles<\/h2>\n\n\n\n<p>Les donn\u00e9es personnelles et les informations anonymes que CoupEco et Google Analytics stockent ne sont en aucun cas partag\u00e9es ou diffus\u00e9es \u00e0 des prestataires ou entreprises externes aux deux soci\u00e9t\u00e9s cit\u00e9es.<\/p>\n\n\n\n<h2 class=\"wp-block-heading\">Dur\u00e9es de stockage de vos donn\u00e9es<\/h2>\n\n\n\n<p>Les donn\u00e9es personnelles que vous communiquez ne sont pas stock\u00e9es sur la base de donn\u00e9es du site internet et seront supprim\u00e9es au plus tard un an apr\u00e8s la fin de la derni\u00e8re relation client que vous avez entretenue avec CoupEco. L\u2019h\u00e9bergeur Hostinger, dont les serveurs sont situ\u00e9s en France M\u00e9tropolitaine, stocke les emails transmis via le formulaire de contact du site internet, afin que CoupEco puisse consulter les messages que vous envoyez. Aucune donn\u00e9e personnelle n\u2019est stock\u00e9e sur le pr\u00e9sent site internet et la plateforme utilis\u00e9e (WordPress). Les cookies (informations anonymes) sont stock\u00e9s pour une dur\u00e9e d\u2019un mois sur votre navigateur.<\/p>\n\n\n\n<h2 class=\"wp-block-heading\">Les droits que vous avez sur vos donn\u00e9es<\/h2>\n\n\n\n<p>Si vous avez transmis des donn\u00e9es personnelles \u00e0 CoupEco, vous pouvez demander \u00e0 recevoir un fichier contenant toutes les donn\u00e9es personnelles que l\u2019entreprise poss\u00e8de \u00e0 votre sujet. Vous pouvez \u00e9galement demander la suppression des donn\u00e9es personnelles vous concernant. Cela ne prend pas en compte les donn\u00e9es stock\u00e9es \u00e0 des fins administratives, l\u00e9gales ou pour des raisons de s\u00e9curit\u00e9.<\/p>\n\n\n\n<h2 class=\"wp-block-heading\">Informations de contact<\/h2>\n\n\n\n<p>Pour toute demande d\u2019information sur vos donn\u00e9es personnelles, merci de nous \u00e9crire \u00e0 l\u2019adresse :<\/p>\n\n\n\n<p>CoupEco<br>ZI du Chail<br>17800 Pons \u2013 FRANCE<\/p>\n\n\n\n<h2 class=\"wp-block-heading\">Protection des Donn\u00e9es Personnelles<\/h2>\n\n\n\n<p>Seuls le responsable de CoupEco, M Thierry Boulard, ainsi que son secr\u00e9tariat, ont acc\u00e8s aux messages que vous transmettez \u00e0 l\u2019entreprise. En tant que responsables des traitements des donn\u00e9es, ils veilleront \u00e0 s\u00e9curiser au maximum vos informations : stockage des emails re\u00e7u via le formulaire de contact sur un serveur (IMAP) pour une dur\u00e9e d\u2019un mois maximum et consultation des messages via un protocole s\u00e9curis\u00e9 (SSL).<\/p>\n\n\n\n<h2 class=\"wp-block-heading\">Proc\u00e9dures mises en \u0153uvre en cas de fuite de donn\u00e9es<\/h2>\n\n\n\n<p>En cas de piratage informatique, de faille de s\u00e9curit\u00e9 ou tout autre probl\u00e8me entrainant une fuite des donn\u00e9es personnelles stock\u00e9es par CoupEco, l\u2019entreprise veillera \u00e0 en informer dans les plus brefs d\u00e9lais les clients concern\u00e9s par email.<\/p>\n","protected":false},"excerpt":{"rendered":"<p>Qui sommes-nous ? CoupEcoZI du Chail17800 Pons \u2013 FRANCET\u00e9l. :&nbsp;+33(0)5 46 96 25 50SIRET : 401 895 883 00023 Cookies et statistiques Le pr\u00e9sent site internet utilise des marqueurs, appel\u00e9s cookies, g\u00e9r\u00e9s par la plateforme Google Analytics. Ils s\u2019enregistrent via votre navigateur internet et&nbsp;communiquent de fa\u00e7on anonyme des informations&nbsp;de votre navigation sur le site, du [&hellip;]<\/p>\n","protected":false},"author":1,"featured_media":0,"parent":0,"menu_order":0,"comment_status":"closed","ping_status":"open","template":"page-legal.php","meta":{"_acf_changed":false,"footnotes":""},"class_list":["post-3","page","type-page","status-publish","hentry"],"acf":[],"yoast_head":"<!-- This site is optimized with the Yoast SEO plugin v27.5 - https:\/\/yoast.com\/product\/yoast-seo-wordpress\/ -->\n<title>Protection des Donn\u00e9es Personnelles - Coupeco<\/title>\n<meta name=\"robots\" content=\"index, follow, max-snippet:-1, max-image-preview:large, max-video-preview:-1\" \/>\n<link rel=\"canonical\" href=\"https:\/\/coupeco.com\/fr\/politique-de-confidentialite\/\" \/>\n<meta property=\"og:locale\" content=\"fr_FR\" \/>\n<meta property=\"og:type\" content=\"article\" \/>\n<meta property=\"og:title\" content=\"Protection des Donn\u00e9es Personnelles - Coupeco\" \/>\n<meta property=\"og:description\" content=\"Qui sommes-nous ? CoupEcoZI du Chail17800 Pons \u2013 FRANCET\u00e9l. :&nbsp;+33(0)5 46 96 25 50SIRET : 401 895 883 00023 Cookies et statistiques Le pr\u00e9sent site internet utilise des marqueurs, appel\u00e9s cookies, g\u00e9r\u00e9s par la plateforme Google Analytics. Ils s\u2019enregistrent via votre navigateur internet et&nbsp;communiquent de fa\u00e7on anonyme des informations&nbsp;de votre navigation sur le site, du [&hellip;]\" \/>\n<meta property=\"og:url\" content=\"https:\/\/coupeco.com\/fr\/politique-de-confidentialite\/\" \/>\n<meta property=\"og:site_name\" content=\"Coupeco\" \/>\n<meta property=\"article:modified_time\" content=\"2025-06-13T09:39:56+00:00\" \/>\n<meta name=\"twitter:card\" content=\"summary_large_image\" \/>\n<meta name=\"twitter:label1\" content=\"Est. reading time\" \/>\n\t<meta name=\"twitter:data1\" content=\"3 minutes\" \/>\n<script type=\"application\/ld+json\" class=\"yoast-schema-graph\">{\"@context\":\"https:\\\/\\\/schema.org\",\"@graph\":[{\"@type\":\"WebPage\",\"@id\":\"https:\\\/\\\/coupeco.com\\\/politique-de-confidentialite\\\/\",\"url\":\"https:\\\/\\\/coupeco.com\\\/politique-de-confidentialite\\\/\",\"name\":\"Protection des Donn\u00e9es Personnelles - Coupeco\",\"isPartOf\":{\"@id\":\"https:\\\/\\\/coupeco.com\\\/#website\"},\"datePublished\":\"2024-12-16T08:29:15+00:00\",\"dateModified\":\"2025-06-13T09:39:56+00:00\",\"breadcrumb\":{\"@id\":\"https:\\\/\\\/coupeco.com\\\/politique-de-confidentialite\\\/#breadcrumb\"},\"inLanguage\":\"fr-FR\",\"potentialAction\":[{\"@type\":\"ReadAction\",\"target\":[\"https:\\\/\\\/coupeco.com\\\/politique-de-confidentialite\\\/\"]}]},{\"@type\":\"BreadcrumbList\",\"@id\":\"https:\\\/\\\/coupeco.com\\\/politique-de-confidentialite\\\/#breadcrumb\",\"itemListElement\":[{\"@type\":\"ListItem\",\"position\":1,\"name\":\"Accueil\",\"item\":\"https:\\\/\\\/coupeco.com\\\/\"},{\"@type\":\"ListItem\",\"position\":2,\"name\":\"Protection des Donn\u00e9es Personnelles\"}]},{\"@type\":\"WebSite\",\"@id\":\"https:\\\/\\\/coupeco.com\\\/#website\",\"url\":\"https:\\\/\\\/coupeco.com\\\/\",\"name\":\"Coupeco\",\"description\":\"\",\"publisher\":{\"@id\":\"https:\\\/\\\/coupeco.com\\\/#organization\"},\"potentialAction\":[{\"@type\":\"SearchAction\",\"target\":{\"@type\":\"EntryPoint\",\"urlTemplate\":\"https:\\\/\\\/coupeco.com\\\/?s={search_term_string}\"},\"query-input\":{\"@type\":\"PropertyValueSpecification\",\"valueRequired\":true,\"valueName\":\"search_term_string\"}}],\"inLanguage\":\"fr-FR\"},{\"@type\":\"Organization\",\"@id\":\"https:\\\/\\\/coupeco.com\\\/#organization\",\"name\":\"Coup'eco\",\"url\":\"https:\\\/\\\/coupeco.com\\\/\",\"logo\":{\"@type\":\"ImageObject\",\"inLanguage\":\"fr-FR\",\"@id\":\"https:\\\/\\\/coupeco.com\\\/#\\\/schema\\\/logo\\\/image\\\/\",\"url\":\"https:\\\/\\\/coupeco.com\\\/wp-content\\\/uploads\\\/2025\\\/01\\\/logo-sans-baseline.png\",\"contentUrl\":\"https:\\\/\\\/coupeco.com\\\/wp-content\\\/uploads\\\/2025\\\/01\\\/logo-sans-baseline.png\",\"width\":340,\"height\":37,\"caption\":\"Coup'eco\"},\"image\":{\"@id\":\"https:\\\/\\\/coupeco.com\\\/#\\\/schema\\\/logo\\\/image\\\/\"}}]}<\/script>\n<!-- \/ Yoast SEO plugin. -->","yoast_head_json":{"title":"Protection des Donn\u00e9es Personnelles - Coupeco","robots":{"index":"index","follow":"follow","max-snippet":"max-snippet:-1","max-image-preview":"max-image-preview:large","max-video-preview":"max-video-preview:-1"},"canonical":"https:\/\/coupeco.com\/fr\/politique-de-confidentialite\/","og_locale":"fr_FR","og_type":"article","og_title":"Protection des Donn\u00e9es Personnelles - Coupeco","og_description":"Qui sommes-nous ? CoupEcoZI du Chail17800 Pons \u2013 FRANCET\u00e9l. :&nbsp;+33(0)5 46 96 25 50SIRET : 401 895 883 00023 Cookies et statistiques Le pr\u00e9sent site internet utilise des marqueurs, appel\u00e9s cookies, g\u00e9r\u00e9s par la plateforme Google Analytics. Ils s\u2019enregistrent via votre navigateur internet et&nbsp;communiquent de fa\u00e7on anonyme des informations&nbsp;de votre navigation sur le site, du [&hellip;]","og_url":"https:\/\/coupeco.com\/fr\/politique-de-confidentialite\/","og_site_name":"Coupeco","article_modified_time":"2025-06-13T09:39:56+00:00","twitter_card":"summary_large_image","twitter_misc":{"Est. reading time":"3 minutes"},"schema":{"@context":"https:\/\/schema.org","@graph":[{"@type":"WebPage","@id":"https:\/\/coupeco.com\/politique-de-confidentialite\/","url":"https:\/\/coupeco.com\/politique-de-confidentialite\/","name":"Protection des Donn\u00e9es Personnelles - Coupeco","isPartOf":{"@id":"https:\/\/coupeco.com\/#website"},"datePublished":"2024-12-16T08:29:15+00:00","dateModified":"2025-06-13T09:39:56+00:00","breadcrumb":{"@id":"https:\/\/coupeco.com\/politique-de-confidentialite\/#breadcrumb"},"inLanguage":"fr-FR","potentialAction":[{"@type":"ReadAction","target":["https:\/\/coupeco.com\/politique-de-confidentialite\/"]}]},{"@type":"BreadcrumbList","@id":"https:\/\/coupeco.com\/politique-de-confidentialite\/#breadcrumb","itemListElement":[{"@type":"ListItem","position":1,"name":"Accueil","item":"https:\/\/coupeco.com\/"},{"@type":"ListItem","position":2,"name":"Protection des Donn\u00e9es Personnelles"}]},{"@type":"WebSite","@id":"https:\/\/coupeco.com\/#website","url":"https:\/\/coupeco.com\/","name":"Coupeco","description":"","publisher":{"@id":"https:\/\/coupeco.com\/#organization"},"potentialAction":[{"@type":"SearchAction","target":{"@type":"EntryPoint","urlTemplate":"https:\/\/coupeco.com\/?s={search_term_string}"},"query-input":{"@type":"PropertyValueSpecification","valueRequired":true,"valueName":"search_term_string"}}],"inLanguage":"fr-FR"},{"@type":"Organization","@id":"https:\/\/coupeco.com\/#organization","name":"Coup'eco","url":"https:\/\/coupeco.com\/","logo":{"@type":"ImageObject","inLanguage":"fr-FR","@id":"https:\/\/coupeco.com\/#\/schema\/logo\/image\/","url":"https:\/\/coupeco.com\/wp-content\/uploads\/2025\/01\/logo-sans-baseline.png","contentUrl":"https:\/\/coupeco.com\/wp-content\/uploads\/2025\/01\/logo-sans-baseline.png","width":340,"height":37,"caption":"Coup'eco"},"image":{"@id":"https:\/\/coupeco.com\/#\/schema\/logo\/image\/"}}]}},"_links":{"self":[{"href":"https:\/\/coupeco.com\/fr\/wp-json\/wp\/v2\/pages\/3","targetHints":{"allow":["GET"]}}],"collection":[{"href":"https:\/\/coupeco.com\/fr\/wp-json\/wp\/v2\/pages"}],"about":[{"href":"https:\/\/coupeco.com\/fr\/wp-json\/wp\/v2\/types\/page"}],"author":[{"embeddable":true,"href":"https:\/\/coupeco.com\/fr\/wp-json\/wp\/v2\/users\/1"}],"replies":[{"embeddable":true,"href":"https:\/\/coupeco.com\/fr\/wp-json\/wp\/v2\/comments?post=3"}],"version-history":[{"count":1,"href":"https:\/\/coupeco.com\/fr\/wp-json\/wp\/v2\/pages\/3\/revisions"}],"predecessor-version":[{"id":755,"href":"https:\/\/coupeco.com\/fr\/wp-json\/wp\/v2\/pages\/3\/revisions\/755"}],"wp:attachment":[{"href":"https:\/\/coupeco.com\/fr\/wp-json\/wp\/v2\/media?parent=3"}],"curies":[{"name":"wp","href":"https:\/\/api.w.org\/{rel}","templated":true}]}}