{"id":38,"date":"2024-12-16T11:26:57","date_gmt":"2024-12-16T10:26:57","guid":{"rendered":"https:\/\/coupeco.mooood-preprod.fr\/?page_id=38"},"modified":"2025-09-08T10:47:59","modified_gmt":"2025-09-08T08:47:59","slug":"home","status":"publish","type":"page","link":"https:\/\/coupeco.com\/fr\/","title":{"rendered":"Home"},"content":{"rendered":"","protected":false},"excerpt":{"rendered":"","protected":false},"author":1,"featured_media":0,"parent":0,"menu_order":0,"comment_status":"closed","ping_status":"closed","template":"","meta":{"_acf_changed":false,"footnotes":""},"class_list":["post-38","page","type-page","status-publish","hentry"],"acf":[],"yoast_head":"<!-- This site is optimized with the Yoast SEO plugin v27.5 - https:\/\/yoast.com\/product\/yoast-seo-wordpress\/ -->\n<title>Coup&#039;Eco | Fabricant Fran\u00e7ais d\u2019\u00e9quipements d\u2019\u00e9lagage<\/title>\n<meta name=\"description\" content=\"En Charente-Maritime, nous concevons des machines d\u2019\u00e9lagage, lamiers et coupeuses 100% fran\u00e7aises, pour espaces verts, agriculture, for\u00eats, voirie...\" \/>\n<meta name=\"robots\" content=\"index, follow, max-snippet:-1, max-image-preview:large, max-video-preview:-1\" \/>\n<link rel=\"canonical\" href=\"https:\/\/coupeco.com\/fr\/\" \/>\n<meta property=\"og:locale\" content=\"fr_FR\" \/>\n<meta property=\"og:type\" content=\"article\" \/>\n<meta property=\"og:title\" content=\"Coup&#039;Eco | Fabricant Fran\u00e7ais d\u2019\u00e9quipements d\u2019\u00e9lagage\" \/>\n<meta property=\"og:description\" content=\"En Charente-Maritime, nous concevons des machines d\u2019\u00e9lagage, lamiers et coupeuses 100% fran\u00e7aises, pour espaces verts, agriculture, for\u00eats, voirie...\" \/>\n<meta property=\"og:url\" content=\"https:\/\/coupeco.com\/fr\/\" \/>\n<meta property=\"og:site_name\" content=\"Coupeco\" \/>\n<meta property=\"article:modified_time\" content=\"2025-09-08T08:47:59+00:00\" \/>\n<meta name=\"twitter:card\" content=\"summary_large_image\" \/>\n<script type=\"application\/ld+json\" class=\"yoast-schema-graph\">{\"@context\":\"https:\\\/\\\/schema.org\",\"@graph\":[{\"@type\":\"WebPage\",\"@id\":\"https:\\\/\\\/coupeco.com\\\/\",\"url\":\"https:\\\/\\\/coupeco.com\\\/\",\"name\":\"Coup'Eco | Fabricant Fran\u00e7ais d\u2019\u00e9quipements d\u2019\u00e9lagage\",\"isPartOf\":{\"@id\":\"https:\\\/\\\/coupeco.com\\\/#website\"},\"datePublished\":\"2024-12-16T10:26:57+00:00\",\"dateModified\":\"2025-09-08T08:47:59+00:00\",\"description\":\"En Charente-Maritime, nous concevons des machines d\u2019\u00e9lagage, lamiers et coupeuses 100% fran\u00e7aises, pour espaces verts, agriculture, for\u00eats, voirie...\",\"breadcrumb\":{\"@id\":\"https:\\\/\\\/coupeco.com\\\/#breadcrumb\"},\"inLanguage\":\"fr-FR\",\"potentialAction\":[{\"@type\":\"ReadAction\",\"target\":[\"https:\\\/\\\/coupeco.com\\\/\"]}]},{\"@type\":\"BreadcrumbList\",\"@id\":\"https:\\\/\\\/coupeco.com\\\/#breadcrumb\",\"itemListElement\":[{\"@type\":\"ListItem\",\"position\":1,\"name\":\"Accueil\",\"item\":\"https:\\\/\\\/coupeco.com\\\/\"},{\"@type\":\"ListItem\",\"position\":2,\"name\":\"Home\"}]},{\"@type\":\"WebSite\",\"@id\":\"https:\\\/\\\/coupeco.com\\\/#website\",\"url\":\"https:\\\/\\\/coupeco.com\\\/\",\"name\":\"Coupeco\",\"description\":\"\",\"publisher\":{\"@id\":\"https:\\\/\\\/coupeco.com\\\/#organization\"},\"potentialAction\":[{\"@type\":\"SearchAction\",\"target\":{\"@type\":\"EntryPoint\",\"urlTemplate\":\"https:\\\/\\\/coupeco.com\\\/?s={search_term_string}\"},\"query-input\":{\"@type\":\"PropertyValueSpecification\",\"valueRequired\":true,\"valueName\":\"search_term_string\"}}],\"inLanguage\":\"fr-FR\"},{\"@type\":\"Organization\",\"@id\":\"https:\\\/\\\/coupeco.com\\\/#organization\",\"name\":\"Coup'eco\",\"url\":\"https:\\\/\\\/coupeco.com\\\/\",\"logo\":{\"@type\":\"ImageObject\",\"inLanguage\":\"fr-FR\",\"@id\":\"https:\\\/\\\/coupeco.com\\\/#\\\/schema\\\/logo\\\/image\\\/\",\"url\":\"https:\\\/\\\/coupeco.com\\\/wp-content\\\/uploads\\\/2025\\\/01\\\/logo-sans-baseline.png\",\"contentUrl\":\"https:\\\/\\\/coupeco.com\\\/wp-content\\\/uploads\\\/2025\\\/01\\\/logo-sans-baseline.png\",\"width\":340,\"height\":37,\"caption\":\"Coup'eco\"},\"image\":{\"@id\":\"https:\\\/\\\/coupeco.com\\\/#\\\/schema\\\/logo\\\/image\\\/\"}}]}<\/script>\n<!-- \/ Yoast SEO plugin. -->","yoast_head_json":{"title":"Coup'Eco | Fabricant Fran\u00e7ais d\u2019\u00e9quipements d\u2019\u00e9lagage","description":"En Charente-Maritime, nous concevons des machines d\u2019\u00e9lagage, lamiers et coupeuses 100% fran\u00e7aises, pour espaces verts, agriculture, for\u00eats, voirie...","robots":{"index":"index","follow":"follow","max-snippet":"max-snippet:-1","max-image-preview":"max-image-preview:large","max-video-preview":"max-video-preview:-1"},"canonical":"https:\/\/coupeco.com\/fr\/","og_locale":"fr_FR","og_type":"article","og_title":"Coup'Eco | Fabricant Fran\u00e7ais d\u2019\u00e9quipements d\u2019\u00e9lagage","og_description":"En Charente-Maritime, nous concevons des machines d\u2019\u00e9lagage, lamiers et coupeuses 100% fran\u00e7aises, pour espaces verts, agriculture, for\u00eats, voirie...","og_url":"https:\/\/coupeco.com\/fr\/","og_site_name":"Coupeco","article_modified_time":"2025-09-08T08:47:59+00:00","twitter_card":"summary_large_image","schema":{"@context":"https:\/\/schema.org","@graph":[{"@type":"WebPage","@id":"https:\/\/coupeco.com\/","url":"https:\/\/coupeco.com\/","name":"Coup'Eco | Fabricant Fran\u00e7ais d\u2019\u00e9quipements d\u2019\u00e9lagage","isPartOf":{"@id":"https:\/\/coupeco.com\/#website"},"datePublished":"2024-12-16T10:26:57+00:00","dateModified":"2025-09-08T08:47:59+00:00","description":"En Charente-Maritime, nous concevons des machines d\u2019\u00e9lagage, lamiers et coupeuses 100% fran\u00e7aises, pour espaces verts, agriculture, for\u00eats, voirie...","breadcrumb":{"@id":"https:\/\/coupeco.com\/#breadcrumb"},"inLanguage":"fr-FR","potentialAction":[{"@type":"ReadAction","target":["https:\/\/coupeco.com\/"]}]},{"@type":"BreadcrumbList","@id":"https:\/\/coupeco.com\/#breadcrumb","itemListElement":[{"@type":"ListItem","position":1,"name":"Accueil","item":"https:\/\/coupeco.com\/"},{"@type":"ListItem","position":2,"name":"Home"}]},{"@type":"WebSite","@id":"https:\/\/coupeco.com\/#website","url":"https:\/\/coupeco.com\/","name":"Coupeco","description":"","publisher":{"@id":"https:\/\/coupeco.com\/#organization"},"potentialAction":[{"@type":"SearchAction","target":{"@type":"EntryPoint","urlTemplate":"https:\/\/coupeco.com\/?s={search_term_string}"},"query-input":{"@type":"PropertyValueSpecification","valueRequired":true,"valueName":"search_term_string"}}],"inLanguage":"fr-FR"},{"@type":"Organization","@id":"https:\/\/coupeco.com\/#organization","name":"Coup'eco","url":"https:\/\/coupeco.com\/","logo":{"@type":"ImageObject","inLanguage":"fr-FR","@id":"https:\/\/coupeco.com\/#\/schema\/logo\/image\/","url":"https:\/\/coupeco.com\/wp-content\/uploads\/2025\/01\/logo-sans-baseline.png","contentUrl":"https:\/\/coupeco.com\/wp-content\/uploads\/2025\/01\/logo-sans-baseline.png","width":340,"height":37,"caption":"Coup'eco"},"image":{"@id":"https:\/\/coupeco.com\/#\/schema\/logo\/image\/"}}]}},"_links":{"self":[{"href":"https:\/\/coupeco.com\/fr\/wp-json\/wp\/v2\/pages\/38","targetHints":{"allow":["GET"]}}],"collection":[{"href":"https:\/\/coupeco.com\/fr\/wp-json\/wp\/v2\/pages"}],"about":[{"href":"https:\/\/coupeco.com\/fr\/wp-json\/wp\/v2\/types\/page"}],"author":[{"embeddable":true,"href":"https:\/\/coupeco.com\/fr\/wp-json\/wp\/v2\/users\/1"}],"replies":[{"embeddable":true,"href":"https:\/\/coupeco.com\/fr\/wp-json\/wp\/v2\/comments?post=38"}],"version-history":[{"count":17,"href":"https:\/\/coupeco.com\/fr\/wp-json\/wp\/v2\/pages\/38\/revisions"}],"predecessor-version":[{"id":1522,"href":"https:\/\/coupeco.com\/fr\/wp-json\/wp\/v2\/pages\/38\/revisions\/1522"}],"wp:attachment":[{"href":"https:\/\/coupeco.com\/fr\/wp-json\/wp\/v2\/media?parent=38"}],"curies":[{"name":"wp","href":"https:\/\/api.w.org\/{rel}","templated":true}]}}