{"id":756,"date":"2025-06-13T11:41:29","date_gmt":"2025-06-13T09:41:29","guid":{"rendered":"https:\/\/coupeco.mooood-preprod.fr\/?page_id=756"},"modified":"2025-07-28T11:25:34","modified_gmt":"2025-07-28T09:25:34","slug":"mentions-legales","status":"publish","type":"page","link":"https:\/\/coupeco.com\/fr\/mentions-legales\/","title":{"rendered":"Mentions l\u00e9gales"},"content":{"rendered":"\n<h2 class=\"wp-block-heading\">Coordonn\u00e9es<\/h2>\n\n\n\n<p>CoupEco<br>ZI du Chail<br>17800 Pons \u2013 FRANCE<br>T\u00e9l. :&nbsp;<a href=\"tel:+33546962550\">+33(0)5 46 96 25 50<\/a><br>SIRET : 401 895 883 00023.<\/p>\n\n\n\n<h2 class=\"wp-block-heading\">Responsabilit\u00e9s<\/h2>\n\n\n\n<p>Directeur de la publication et R\u00e9alisation \u00e9ditoriale : Thierry BOULARD.<br>Conception :&nbsp;<a href=\"http:\/\/mooood.fr\" target=\"_blank\" rel=\"noreferrer noopener\">Mooood.<\/a><\/p>\n\n\n\n<h2 class=\"wp-block-heading\">H\u00e9bergement<\/h2>\n\n\n\n<p>En vertu de l\u2019article 6 de la loi n\u00b0 2004-575 du 21 juin 2004 pour la confiance dans l\u2019\u00e9conomie num\u00e9rique, il est pr\u00e9cis\u00e9 aux utilisateurs du site <a href=\"https:\/\/coupeco.com\/\" target=\"_blank\" rel=\"noreferrer noopener\">https:\/\/coupeco.com\/<\/a> l\u2019identit\u00e9 des diff\u00e9rents intervenants dans le cadre de sa r\u00e9alisation et de son suivi :<\/p>\n\n\n\n<p><strong>H\u00e9bergeur :<\/strong> GANDI SAS \u2013 <a>www.gandi.net<\/a> \u2013 Si\u00e8ge social : 63-65 boulevard Mass\u00e9na, 75013 Paris, France <\/p>\n\n\n\n<h2 class=\"wp-block-heading\">Plateforme<\/h2>\n\n\n\n<p>Le pr\u00e9sent site internet est r\u00e9alis\u00e9 \u00e0 partir de la plateforme open-source WordPress.<\/p>\n\n\n\n<h2 class=\"wp-block-heading\">Droits de reproduction<\/h2>\n\n\n\n<p>Les informations pr\u00e9sent\u00e9es sur ce site sont publiques. Ainsi, vous pouvez reproduire des pages de ce site, \u00e0 la condition d\u2019y mentionner la source et de cr\u00e9er un lien sur la ou les pages de r\u00e9f\u00e9rence. Aussi, elles ne peuvent \u00eatre utilis\u00e9es \u00e0 des fins commerciales ou publicitaires. Lorsque des donn\u00e9es pr\u00e9sentes sur ce site ont un caract\u00e8re nominatif, les utilisateurs doivent en faire un usage conforme aux r\u00e9glementations en vigueur et aux recommandations de la Commission nationale de l\u2019informatique et des libert\u00e9s (CNIL).<\/p>\n\n\n\n<h2 class=\"wp-block-heading\">Informatique et Libert\u00e9s<\/h2>\n\n\n\n<p>Conform\u00e9ment \u00e0 la recommandation 2005-284 de la CNIL, le pr\u00e9sent site web n\u2019a pas fait l\u2019objet d\u2019une d\u00e9claration en tant que tel. Toutefois, tous les traitements de donn\u00e9es pr\u00e9sents ou \u00e0 venir concernant ledit site ont \u00e9t\u00e9 ou seront d\u00e9clar\u00e9s \u00e0 la CNIL. Les traitements susnomm\u00e9s sont conformes \u00e0 la NS48 du 07\/06\/2005 \u00e9dit\u00e9e par la Commission Nationale Informatique et Libert\u00e9s (CNIL). Enfin, conform\u00e9ment aux articles 38 et 40 de la loi 2004-801 du 06\/08\/2004, vous disposez d\u2019un droit d\u2019acc\u00e8s, de rectification, de suppression des donn\u00e9es vous concernant. Ce droit peut s\u2019exercer en nous contactant :<\/p>\n\n\n\n<p>CoupEco<br>ZI du Chail<br>17800 Pons \u2013 FRANCE<\/p>\n","protected":false},"excerpt":{"rendered":"<p>Coordonn\u00e9es CoupEcoZI du Chail17800 Pons \u2013 FRANCET\u00e9l. :&nbsp;+33(0)5 46 96 25 50SIRET : 401 895 883 00023. Responsabilit\u00e9s Directeur de la publication et R\u00e9alisation \u00e9ditoriale : Thierry BOULARD.Conception :&nbsp;Mooood. H\u00e9bergement En vertu de l\u2019article 6 de la loi n\u00b0 2004-575 du 21 juin 2004 pour la confiance dans l\u2019\u00e9conomie num\u00e9rique, il est pr\u00e9cis\u00e9 aux utilisateurs [&hellip;]<\/p>\n","protected":false},"author":4,"featured_media":0,"parent":0,"menu_order":0,"comment_status":"closed","ping_status":"closed","template":"page-legal.php","meta":{"_acf_changed":false,"footnotes":""},"class_list":["post-756","page","type-page","status-publish","hentry"],"acf":[],"yoast_head":"<!-- This site is optimized with the Yoast SEO plugin v27.2 - https:\/\/yoast.com\/product\/yoast-seo-wordpress\/ -->\n<title>Mentions l\u00e9gales - Coupeco<\/title>\n<meta name=\"robots\" content=\"index, follow, max-snippet:-1, max-image-preview:large, max-video-preview:-1\" \/>\n<link rel=\"canonical\" href=\"https:\/\/coupeco.com\/fr\/mentions-legales\/\" \/>\n<meta property=\"og:locale\" content=\"fr_FR\" \/>\n<meta property=\"og:type\" content=\"article\" \/>\n<meta property=\"og:title\" content=\"Mentions l\u00e9gales - Coupeco\" \/>\n<meta property=\"og:description\" content=\"Coordonn\u00e9es CoupEcoZI du Chail17800 Pons \u2013 FRANCET\u00e9l. :&nbsp;+33(0)5 46 96 25 50SIRET : 401 895 883 00023. Responsabilit\u00e9s Directeur de la publication et R\u00e9alisation \u00e9ditoriale : Thierry BOULARD.Conception :&nbsp;Mooood. H\u00e9bergement En vertu de l\u2019article 6 de la loi n\u00b0 2004-575 du 21 juin 2004 pour la confiance dans l\u2019\u00e9conomie num\u00e9rique, il est pr\u00e9cis\u00e9 aux utilisateurs [&hellip;]\" \/>\n<meta property=\"og:url\" content=\"https:\/\/coupeco.com\/fr\/mentions-legales\/\" \/>\n<meta property=\"og:site_name\" content=\"Coupeco\" \/>\n<meta property=\"article:modified_time\" content=\"2025-07-28T09:25:34+00:00\" \/>\n<meta name=\"twitter:card\" content=\"summary_large_image\" \/>\n<meta name=\"twitter:label1\" content=\"Est. reading time\" \/>\n\t<meta name=\"twitter:data1\" content=\"2 minutes\" \/>\n<script type=\"application\/ld+json\" class=\"yoast-schema-graph\">{\"@context\":\"https:\/\/schema.org\",\"@graph\":[{\"@type\":\"WebPage\",\"@id\":\"https:\/\/coupeco.com\/mentions-legales\/\",\"url\":\"https:\/\/coupeco.com\/mentions-legales\/\",\"name\":\"Mentions l\u00e9gales - Coupeco\",\"isPartOf\":{\"@id\":\"https:\/\/coupeco.com\/#website\"},\"datePublished\":\"2025-06-13T09:41:29+00:00\",\"dateModified\":\"2025-07-28T09:25:34+00:00\",\"breadcrumb\":{\"@id\":\"https:\/\/coupeco.com\/mentions-legales\/#breadcrumb\"},\"inLanguage\":\"fr-FR\",\"potentialAction\":[{\"@type\":\"ReadAction\",\"target\":[\"https:\/\/coupeco.com\/mentions-legales\/\"]}]},{\"@type\":\"BreadcrumbList\",\"@id\":\"https:\/\/coupeco.com\/mentions-legales\/#breadcrumb\",\"itemListElement\":[{\"@type\":\"ListItem\",\"position\":1,\"name\":\"Accueil\",\"item\":\"https:\/\/coupeco.com\/\"},{\"@type\":\"ListItem\",\"position\":2,\"name\":\"Mentions l\u00e9gales\"}]},{\"@type\":\"WebSite\",\"@id\":\"https:\/\/coupeco.com\/#website\",\"url\":\"https:\/\/coupeco.com\/\",\"name\":\"Coupeco\",\"description\":\"\",\"publisher\":{\"@id\":\"https:\/\/coupeco.com\/#organization\"},\"potentialAction\":[{\"@type\":\"SearchAction\",\"target\":{\"@type\":\"EntryPoint\",\"urlTemplate\":\"https:\/\/coupeco.com\/?s={search_term_string}\"},\"query-input\":{\"@type\":\"PropertyValueSpecification\",\"valueRequired\":true,\"valueName\":\"search_term_string\"}}],\"inLanguage\":\"fr-FR\"},{\"@type\":\"Organization\",\"@id\":\"https:\/\/coupeco.com\/#organization\",\"name\":\"Coup'eco\",\"url\":\"https:\/\/coupeco.com\/\",\"logo\":{\"@type\":\"ImageObject\",\"inLanguage\":\"fr-FR\",\"@id\":\"https:\/\/coupeco.com\/#\/schema\/logo\/image\/\",\"url\":\"https:\/\/coupeco.com\/wp-content\/uploads\/2025\/01\/logo-sans-baseline.png\",\"contentUrl\":\"https:\/\/coupeco.com\/wp-content\/uploads\/2025\/01\/logo-sans-baseline.png\",\"width\":340,\"height\":37,\"caption\":\"Coup'eco\"},\"image\":{\"@id\":\"https:\/\/coupeco.com\/#\/schema\/logo\/image\/\"}}]}<\/script>\n<!-- \/ Yoast SEO plugin. -->","yoast_head_json":{"title":"Mentions l\u00e9gales - Coupeco","robots":{"index":"index","follow":"follow","max-snippet":"max-snippet:-1","max-image-preview":"max-image-preview:large","max-video-preview":"max-video-preview:-1"},"canonical":"https:\/\/coupeco.com\/fr\/mentions-legales\/","og_locale":"fr_FR","og_type":"article","og_title":"Mentions l\u00e9gales - Coupeco","og_description":"Coordonn\u00e9es CoupEcoZI du Chail17800 Pons \u2013 FRANCET\u00e9l. :&nbsp;+33(0)5 46 96 25 50SIRET : 401 895 883 00023. Responsabilit\u00e9s Directeur de la publication et R\u00e9alisation \u00e9ditoriale : Thierry BOULARD.Conception :&nbsp;Mooood. H\u00e9bergement En vertu de l\u2019article 6 de la loi n\u00b0 2004-575 du 21 juin 2004 pour la confiance dans l\u2019\u00e9conomie num\u00e9rique, il est pr\u00e9cis\u00e9 aux utilisateurs [&hellip;]","og_url":"https:\/\/coupeco.com\/fr\/mentions-legales\/","og_site_name":"Coupeco","article_modified_time":"2025-07-28T09:25:34+00:00","twitter_card":"summary_large_image","twitter_misc":{"Est. reading time":"2 minutes"},"schema":{"@context":"https:\/\/schema.org","@graph":[{"@type":"WebPage","@id":"https:\/\/coupeco.com\/mentions-legales\/","url":"https:\/\/coupeco.com\/mentions-legales\/","name":"Mentions l\u00e9gales - Coupeco","isPartOf":{"@id":"https:\/\/coupeco.com\/#website"},"datePublished":"2025-06-13T09:41:29+00:00","dateModified":"2025-07-28T09:25:34+00:00","breadcrumb":{"@id":"https:\/\/coupeco.com\/mentions-legales\/#breadcrumb"},"inLanguage":"fr-FR","potentialAction":[{"@type":"ReadAction","target":["https:\/\/coupeco.com\/mentions-legales\/"]}]},{"@type":"BreadcrumbList","@id":"https:\/\/coupeco.com\/mentions-legales\/#breadcrumb","itemListElement":[{"@type":"ListItem","position":1,"name":"Accueil","item":"https:\/\/coupeco.com\/"},{"@type":"ListItem","position":2,"name":"Mentions l\u00e9gales"}]},{"@type":"WebSite","@id":"https:\/\/coupeco.com\/#website","url":"https:\/\/coupeco.com\/","name":"Coupeco","description":"","publisher":{"@id":"https:\/\/coupeco.com\/#organization"},"potentialAction":[{"@type":"SearchAction","target":{"@type":"EntryPoint","urlTemplate":"https:\/\/coupeco.com\/?s={search_term_string}"},"query-input":{"@type":"PropertyValueSpecification","valueRequired":true,"valueName":"search_term_string"}}],"inLanguage":"fr-FR"},{"@type":"Organization","@id":"https:\/\/coupeco.com\/#organization","name":"Coup'eco","url":"https:\/\/coupeco.com\/","logo":{"@type":"ImageObject","inLanguage":"fr-FR","@id":"https:\/\/coupeco.com\/#\/schema\/logo\/image\/","url":"https:\/\/coupeco.com\/wp-content\/uploads\/2025\/01\/logo-sans-baseline.png","contentUrl":"https:\/\/coupeco.com\/wp-content\/uploads\/2025\/01\/logo-sans-baseline.png","width":340,"height":37,"caption":"Coup'eco"},"image":{"@id":"https:\/\/coupeco.com\/#\/schema\/logo\/image\/"}}]}},"_links":{"self":[{"href":"https:\/\/coupeco.com\/fr\/wp-json\/wp\/v2\/pages\/756","targetHints":{"allow":["GET"]}}],"collection":[{"href":"https:\/\/coupeco.com\/fr\/wp-json\/wp\/v2\/pages"}],"about":[{"href":"https:\/\/coupeco.com\/fr\/wp-json\/wp\/v2\/types\/page"}],"author":[{"embeddable":true,"href":"https:\/\/coupeco.com\/fr\/wp-json\/wp\/v2\/users\/4"}],"replies":[{"embeddable":true,"href":"https:\/\/coupeco.com\/fr\/wp-json\/wp\/v2\/comments?post=756"}],"version-history":[{"count":2,"href":"https:\/\/coupeco.com\/fr\/wp-json\/wp\/v2\/pages\/756\/revisions"}],"predecessor-version":[{"id":1172,"href":"https:\/\/coupeco.com\/fr\/wp-json\/wp\/v2\/pages\/756\/revisions\/1172"}],"wp:attachment":[{"href":"https:\/\/coupeco.com\/fr\/wp-json\/wp\/v2\/media?parent=756"}],"curies":[{"name":"wp","href":"https:\/\/api.w.org\/{rel}","templated":true}]}}